{"id":1181,"date":"2026-02-26T01:04:42","date_gmt":"2026-02-26T01:04:42","guid":{"rendered":"https:\/\/arquidiocesedeluanda.ao\/noticia\/?page_id=1181"},"modified":"2026-02-26T08:22:52","modified_gmt":"2026-02-26T08:22:52","slug":"historia","status":"publish","type":"page","link":"https:\/\/arquidiocesedeluanda.ao\/noticia\/historia\/","title":{"rendered":"Hist\u00f3ria"},"content":{"rendered":"\n<div class=\"wp-block-uagb-container uagb-block-ca9a3e20 alignfull uagb-is-root-container\">\n<p class=\"wp-block-paragraph\"><\/p>\n\n\n\n<p class=\"wp-block-paragraph\"><\/p>\n\n\n\n<div class=\"wp-block-uagb-advanced-heading uagb-block-a517ad82\"><h1 class=\"uagb-heading-text\"><br>Sobre N\u00f3s<br><\/h1><\/div>\n\n\n\n<p class=\"wp-block-paragraph\"><br><\/p>\n<\/div>\n\n\n\n<div class=\"wp-block-uagb-container uagb-block-f768f85e alignfull uagb-is-root-container\"><div class=\"uagb-container-inner-blocks-wrap\">\n<div class=\"wp-block-uagb-advanced-heading uagb-block-f985d066\"><h2 class=\"uagb-heading-text\">Nossa Hist\u00f3ria<\/h2><\/div>\n<\/div><\/div>\n\n\n\n<div class=\"wp-block-uagb-container uagb-block-77d6c5dc alignfull uagb-is-root-container\"><div class=\"uagb-container-inner-blocks-wrap\">\n<div class=\"wp-block-uagb-container uagb-block-076a5e97\">\n<div class=\"wp-block-uagb-image uagb-block-642684df wp-block-uagb-image--layout-default wp-block-uagb-image--effect-static wp-block-uagb-image--align-none\"><figure class=\"wp-block-uagb-image__figure\"><img decoding=\"async\" srcset=\"https:\/\/arquidiocesedeluanda.ao\/noticia\/wp-content\/uploads\/2026\/02\/SOBRE-1.jpg ,https:\/\/arquidiocesedeluanda.ao\/noticia\/wp-content\/uploads\/2026\/02\/SOBRE-1.jpg 780w, https:\/\/arquidiocesedeluanda.ao\/noticia\/wp-content\/uploads\/2026\/02\/SOBRE-1.jpg 360w\" sizes=\"auto, (max-width: 480px) 150px\" src=\"https:\/\/arquidiocesedeluanda.ao\/noticia\/wp-content\/uploads\/2026\/02\/SOBRE-1.jpg\" alt=\"\" class=\"uag-image-1186\" width=\"698\" height=\"934\" title=\"SOBRE\" loading=\"lazy\" role=\"img\"\/><\/figure><\/div>\n<\/div>\n\n\n\n<div class=\"wp-block-uagb-container uagb-block-6f483b17\">\n<p class=\"wp-block-paragraph\">Desde os primeiros contactos, ainda no S\u00e9c. XV, que a presen\u00e7a europeia no continente africano se fez acompanhar por campanhas mission\u00e1rias. Por outro lado, em virtude do Padroado os reis de Portugal tinham recebido do Papa o direito de evangeliza\u00e7\u00e3o das terras e povos da conquista. Por isso n\u00e3o estranha que quando em 1575 Paulo Dias de Novais chegou \u00e0 ilha de Luanda, conhecida (no tempo por pirilampo das cabras), j\u00e1 l\u00e1 tivesse encontrado uma capela constru\u00edda pelos portugueses em honra de Nossa Senhora da Concei\u00e7\u00e3o e havia alguns africanos baptizados, segundo se pode deduzir das cartas dos primeiros jesu\u00edtas. Com Paulo Dias de Novais desembarcam quatro mission\u00e1rios: Padre Francisco de Gouveia, Padre Agostinho de Lacerda, Irm\u00e3o Ant\u00f3nio Mendes, e Irm\u00e3o Manuel Pinto, todos jesu\u00edtas, que logo procuram contacto com a popula\u00e7\u00e3o.<\/p>\n\n\n\n<p class=\"wp-block-paragraph\">No ano seguinte, 1576, Paulo Dias de Novais abandona a ilha e fixa-se no continente, no morro de S. Paulo. Os Jesu\u00edtas que o acompanharam, chegados \u00e0 terra firme, dedicaram-se a instru\u00e7\u00e3o das popula\u00e7\u00f5es, montam sess\u00f5es de catequese, exploram o interior e procuram contactos com os chefes locais, cujo apoio era condi\u00e7\u00e3o imprescind\u00edvel para o estabelecimento de n\u00facleos religiosos. Tr\u00eas anos depois haviam j\u00e1 baptizado 87 pessoas entre as quais filhos das fam\u00edlias mais influentes na terra.<\/p>\n<\/div>\n<\/div><\/div>\n\n\n\n<div class=\"wp-block-uagb-container uagb-block-7664c090 alignfull uagb-is-root-container\"><div class=\"uagb-container-inner-blocks-wrap\">\n<div class=\"wp-block-uagb-container uagb-block-0c461bb1\">\n<div class=\"wp-block-uagb-image uagb-block-0e5edefb wp-block-uagb-image--layout-default wp-block-uagb-image--effect-static wp-block-uagb-image--align-none\"><figure class=\"wp-block-uagb-image__figure\"><img decoding=\"async\" srcset=\"https:\/\/arquidiocesedeluanda.ao\/noticia\/wp-content\/uploads\/2026\/02\/SOBRE-NOS.jpg ,https:\/\/arquidiocesedeluanda.ao\/noticia\/wp-content\/uploads\/2026\/02\/SOBRE-NOS.jpg 780w, https:\/\/arquidiocesedeluanda.ao\/noticia\/wp-content\/uploads\/2026\/02\/SOBRE-NOS.jpg 360w\" sizes=\"auto, (max-width: 480px) 150px\" src=\"https:\/\/arquidiocesedeluanda.ao\/noticia\/wp-content\/uploads\/2026\/02\/SOBRE-NOS.jpg\" alt=\"\" class=\"uag-image-1189\" width=\"720\" height=\"960\" title=\"SOBRE N\u00d3S\" loading=\"lazy\" role=\"img\"\/><\/figure><\/div>\n<\/div>\n\n\n\n<div class=\"wp-block-uagb-container uagb-block-02634660\">\n<p class=\"wp-block-paragraph\">O territ\u00f3rio da arquidiocese de Luanda por altura da sua cria\u00e7\u00e3o em 1940 correspondia a um ter\u00e7o de Angola. Com o desenrolar do tempo, do territ\u00f3rio de Luanda foram desmembradas as dioceses de Malange em 1957; Carmona, actual U\u00edje em 1967; Sumbe em 1975; Cabinda em 1984; N\u2019Dalatando em 1990; Viana em 2007 e Caxito em 2007. Luanda hoje forma Prov\u00edncia Eclesi\u00e1stica com as dioceses de Cabinda, M\u2019Banza Congo, Caxito, Viana, Sumbe e Santo Tom\u00e9 e Pr\u00edncipe. Antes da cria\u00e7\u00e3o das prov\u00edncias eclesi\u00e1sticas de Saurimo e Malanje, a prov\u00edncia eclesi\u00e1stica de Luanda integrava tamb\u00e9m as dioceses do U\u00edje, N\u2019Dalatando, Malange, Saurimo e Dundo. Actualmente, a Arquidiocese de Luanda conta com mais de tr\u00eas milh\u00f5es de cat\u00f3licos, e abrange os munic\u00edpios de Luanda, de Talatona e parte dos munic\u00edpios de Belas, do Cazenga e Kilamba-Kiaxi.<\/p>\n<\/div>\n<\/div><\/div>\n\n\n\n<p class=\"wp-block-paragraph\"><\/p>\n","protected":false},"excerpt":{"rendered":"<p>Sobre N\u00f3s Nossa Hist\u00f3ria Desde os primeiros contactos, ainda no S\u00e9c. XV, que a presen\u00e7a europeia no continente africano se fez acompanhar por campanhas mission\u00e1rias. Por outro lado, em virtude do Padroado os reis de Portugal tinham recebido do Papa&hellip;<\/p>\n","protected":false},"author":1,"featured_media":0,"parent":0,"menu_order":0,"comment_status":"closed","ping_status":"closed","template":"","meta":{"_eb_attr":"","_crdt_document":"","_uag_custom_page_level_css":"","_monsterinsights_skip_tracking":false,"_monsterinsights_sitenote_active":false,"_monsterinsights_sitenote_note":"","_monsterinsights_sitenote_category":0,"footnotes":""},"class_list":["post-1181","page","type-page","status-publish","hentry"],"uagb_featured_image_src":{"full":false,"thumbnail":false,"medium":false,"medium_large":false,"large":false,"1536x1536":false,"2048x2048":false},"uagb_author_info":{"display_name":"Geovanigabriel2","author_link":"https:\/\/arquidiocesedeluanda.ao\/noticia\/author\/geovanigabriel2\/"},"uagb_comment_info":0,"uagb_excerpt":"Sobre N\u00f3s Nossa Hist\u00f3ria Desde os primeiros contactos, ainda no S\u00e9c. XV, que a presen\u00e7a europeia no continente africano se fez acompanhar por campanhas mission\u00e1rias. Por outro lado, em virtude do Padroado os reis de Portugal tinham recebido do Papa&hellip;","_links":{"self":[{"href":"https:\/\/arquidiocesedeluanda.ao\/noticia\/wp-json\/wp\/v2\/pages\/1181","targetHints":{"allow":["GET"]}}],"collection":[{"href":"https:\/\/arquidiocesedeluanda.ao\/noticia\/wp-json\/wp\/v2\/pages"}],"about":[{"href":"https:\/\/arquidiocesedeluanda.ao\/noticia\/wp-json\/wp\/v2\/types\/page"}],"author":[{"embeddable":true,"href":"https:\/\/arquidiocesedeluanda.ao\/noticia\/wp-json\/wp\/v2\/users\/1"}],"replies":[{"embeddable":true,"href":"https:\/\/arquidiocesedeluanda.ao\/noticia\/wp-json\/wp\/v2\/comments?post=1181"}],"version-history":[{"count":7,"href":"https:\/\/arquidiocesedeluanda.ao\/noticia\/wp-json\/wp\/v2\/pages\/1181\/revisions"}],"predecessor-version":[{"id":1214,"href":"https:\/\/arquidiocesedeluanda.ao\/noticia\/wp-json\/wp\/v2\/pages\/1181\/revisions\/1214"}],"wp:attachment":[{"href":"https:\/\/arquidiocesedeluanda.ao\/noticia\/wp-json\/wp\/v2\/media?parent=1181"}],"curies":[{"name":"wp","href":"https:\/\/api.w.org\/{rel}","templated":true}]}}