{"id":1244,"date":"2026-02-26T09:36:57","date_gmt":"2026-02-26T09:36:57","guid":{"rendered":"https:\/\/arquidiocesedeluanda.ao\/noticia\/?page_id=1244"},"modified":"2026-03-02T08:49:45","modified_gmt":"2026-03-02T08:49:45","slug":"fatima","status":"publish","type":"page","link":"https:\/\/arquidiocesedeluanda.ao\/noticia\/fatima\/","title":{"rendered":"F\u00e1tima"},"content":{"rendered":"\n<div class=\"wp-block-uagb-container uagb-block-c9e179d4 alignfull uagb-is-root-container\">\n<div class=\"wp-block-uagb-advanced-heading uagb-block-60e6508d\"><h1 class=\"uagb-heading-text\"><br><br>Vigararia de Nossa Senhora de F\u00e1tima<br><br><br><\/h1><\/div>\n\n\n\n<p class=\"wp-block-paragraph\"><\/p>\n<\/div>\n\n\n\n<div class=\"wp-block-uagb-container uagb-block-c85af407 alignfull uagb-is-root-container\"><div class=\"uagb-container-inner-blocks-wrap\">\n<div class=\"wp-block-uagb-container uagb-block-0cc52cf8\">\n<div class=\"wp-block-essential-blocks-infobox  root-eb-infobox-al3d3\"><div class=\"eb-parent-wrapper eb-parent-eb-infobox-al3d3 \"><div class=\"eb-infobox-al3d3 eb-infobox-wrapper\"><div class=\"infobox-wrapper-inner\"><div class=\"icon-img-wrapper\"><div class=\"eb-infobox-image-wrapper\"><div class=\"eb-image-wrapper\"><div class=\"eb-image-wrapper-inner eb-infobox-image\"><img decoding=\"async\" src=\"https:\/\/arquidiocesedeluanda.ao\/noticia\/wp-content\/uploads\/2026\/02\/fatima.jpg\" alt=\"\"\/><\/div><a class=\"eb-image-link\" href=\"https:\/\/arquidiocesedeluanda.ao\/noticia\/nossa-senhora-da-conceicao-2\/\" target=\"_self\"><\/a><\/div><\/div><\/div><div class=\"contents-wrapper\"><h4 class=\"title\">Nossa Senhora de F\u00e1tima<\/h4><\/div><\/div><\/div><\/div><\/div>\n<\/div>\n\n\n\n<div class=\"wp-block-uagb-container uagb-block-eda9d6b9\">\n<div class=\"wp-block-essential-blocks-infobox  root-eb-infobox-7bfio\"><div class=\"eb-parent-wrapper eb-parent-eb-infobox-7bfio \"><div class=\"eb-infobox-7bfio eb-infobox-wrapper\"><div class=\"infobox-wrapper-inner\"><div class=\"icon-img-wrapper\"><div class=\"eb-infobox-image-wrapper\"><div class=\"eb-image-wrapper\"><div class=\"eb-image-wrapper-inner eb-infobox-image\"><img decoding=\"async\" src=\"https:\/\/arquidiocesedeluanda.ao\/noticia\/wp-content\/uploads\/2026\/02\/Nossa-Senhora-das-Gracas-300x300-1.jpg\" alt=\"\"\/><\/div><a class=\"eb-image-link\" href=\"https:\/\/arquidiocesedeluanda.ao\/noticia\/nossa-senhora-da-conceicao-18\/\" target=\"_self\"><\/a><\/div><\/div><\/div><div class=\"contents-wrapper\"><h4 class=\"title\">Nossa Senhora da Gra\u00e7as <\/h4><\/div><\/div><\/div><\/div><\/div>\n<\/div>\n\n\n\n<div class=\"wp-block-uagb-container uagb-block-f1694f36\">\n<div class=\"wp-block-essential-blocks-infobox  root-eb-infobox-ea906\"><div class=\"eb-parent-wrapper eb-parent-eb-infobox-ea906 \"><div class=\"eb-infobox-ea906 eb-infobox-wrapper\"><div class=\"infobox-wrapper-inner\"><div class=\"icon-img-wrapper\"><div class=\"eb-infobox-image-wrapper\"><div class=\"eb-image-wrapper\"><div class=\"eb-image-wrapper-inner eb-infobox-image\"><img decoding=\"async\" src=\"https:\/\/arquidiocesedeluanda.ao\/noticia\/wp-content\/uploads\/2026\/02\/Sao-Paulo.jpg\" alt=\"\"\/><\/div><a class=\"eb-image-link\" href=\"https:\/\/arquidiocesedeluanda.ao\/noticia\/nossa-senhora-da-conceicao-19\/\" target=\"_self\"><\/a><\/div><\/div><\/div><div class=\"contents-wrapper\"><h4 class=\"title\">S\u00e3o Paulo<\/h4><\/div><\/div><\/div><\/div><\/div>\n<\/div>\n\n\n\n<div class=\"wp-block-uagb-container uagb-block-2846e378\">\n<div class=\"wp-block-essential-blocks-infobox  root-eb-infobox-072ni\"><div class=\"eb-parent-wrapper eb-parent-eb-infobox-072ni \"><div class=\"eb-infobox-072ni eb-infobox-wrapper\"><div class=\"infobox-wrapper-inner\"><div class=\"icon-img-wrapper\"><div class=\"eb-infobox-image-wrapper\"><div class=\"eb-image-wrapper\"><div class=\"eb-image-wrapper-inner eb-infobox-image\"><img decoding=\"async\" src=\"https:\/\/arquidiocesedeluanda.ao\/noticia\/wp-content\/uploads\/2026\/02\/ana-e1772180610290.jpg\" alt=\"\"\/><\/div><a class=\"eb-image-link\" href=\"https:\/\/arquidiocesedeluanda.ao\/noticia\/nossa-senhora-da-conceicao-20\/\" target=\"_self\"><\/a><\/div><\/div><\/div><div class=\"contents-wrapper\"><h4 class=\"title\">Santa Ana<\/h4><\/div><\/div><\/div><\/div><\/div>\n<\/div>\n<\/div><\/div>\n\n\n\n<div class=\"wp-block-uagb-container uagb-block-89037696 alignfull uagb-is-root-container\"><div class=\"uagb-container-inner-blocks-wrap\">\n<div class=\"wp-block-uagb-container uagb-block-df47ddc5\">\n<div class=\"wp-block-essential-blocks-infobox  root-eb-infobox-nabfy\"><div class=\"eb-parent-wrapper eb-parent-eb-infobox-nabfy \"><div class=\"eb-infobox-nabfy eb-infobox-wrapper\"><div class=\"infobox-wrapper-inner\"><div class=\"icon-img-wrapper\"><div class=\"eb-infobox-image-wrapper\"><div class=\"eb-image-wrapper\"><div class=\"eb-image-wrapper-inner eb-infobox-image\"><img decoding=\"async\" src=\"https:\/\/arquidiocesedeluanda.ao\/noticia\/wp-content\/uploads\/2026\/02\/cristo-rei.jpg\" alt=\"\"\/><\/div><\/div><\/div><\/div><div class=\"contents-wrapper\"><h4 class=\"title\">Cristo Rei<br>Terra Nova<\/h4><\/div><\/div><\/div><\/div><\/div>\n<\/div>\n\n\n\n<div class=\"wp-block-uagb-container uagb-block-6379caf7\">\n<div class=\"wp-block-essential-blocks-infobox  root-eb-infobox-ip9kz\"><div class=\"eb-parent-wrapper eb-parent-eb-infobox-ip9kz \"><div class=\"eb-infobox-ip9kz eb-infobox-wrapper\"><div class=\"infobox-wrapper-inner\"><div class=\"icon-img-wrapper\"><div class=\"eb-infobox-image-wrapper\"><div class=\"eb-image-wrapper\"><div class=\"eb-image-wrapper-inner eb-infobox-image\"><img decoding=\"async\" src=\"https:\/\/arquidiocesedeluanda.ao\/noticia\/wp-content\/uploads\/2026\/02\/francisco-xavier.jpg\" alt=\"\"\/><\/div><\/div><\/div><\/div><div class=\"contents-wrapper\"><h4 class=\"title\">S\u00e3o Francisco Xavier <\/h4><\/div><\/div><\/div><\/div><\/div>\n<\/div>\n\n\n\n<div class=\"wp-block-uagb-container uagb-block-4c8c8e17\">\n<div class=\"wp-block-essential-blocks-infobox  root-eb-infobox-zx9wn\"><div class=\"eb-parent-wrapper eb-parent-eb-infobox-zx9wn \"><div class=\"eb-infobox-zx9wn eb-infobox-wrapper\"><div class=\"infobox-wrapper-inner\"><div class=\"contents-wrapper\"><h4 class=\"title\">S\u00e3o Kizito<\/h4><\/div><\/div><\/div><\/div><\/div>\n<\/div>\n\n\n\n<div class=\"wp-block-uagb-container uagb-block-f4600ed2\">\n<div class=\"wp-block-essential-blocks-infobox  root-eb-infobox-a0dn3\"><div class=\"eb-parent-wrapper eb-parent-eb-infobox-a0dn3 \"><div class=\"eb-infobox-a0dn3 eb-infobox-wrapper\"><div class=\"infobox-wrapper-inner\"><div class=\"icon-img-wrapper\"><div class=\"eb-infobox-image-wrapper\"><div class=\"eb-image-wrapper\"><div class=\"eb-image-wrapper-inner eb-infobox-image\"><img decoding=\"async\" src=\"https:\/\/arquidiocesedeluanda.ao\/noticia\/wp-content\/uploads\/2026\/02\/jose-de-Nazare.jpg\" alt=\"\"\/><\/div><\/div><\/div><\/div><div class=\"contents-wrapper\"><h4 class=\"title\">S\u00e3o Jos\u00e9 de Nazar\u00e9<\/h4><\/div><\/div><\/div><\/div><\/div>\n<\/div>\n<\/div><\/div>\n\n\n\n<div class=\"wp-block-uagb-container uagb-block-ea87dea9 alignfull uagb-is-root-container\"><div class=\"uagb-container-inner-blocks-wrap\">\n<div class=\"wp-block-uagb-container uagb-block-f8c02694\">\n<div class=\"wp-block-essential-blocks-infobox  root-eb-infobox-mk8q1\"><div class=\"eb-parent-wrapper eb-parent-eb-infobox-mk8q1 \"><div class=\"eb-infobox-mk8q1 eb-infobox-wrapper\"><div class=\"infobox-wrapper-inner\"><div class=\"icon-img-wrapper\"><div class=\"eb-infobox-image-wrapper\"><div class=\"eb-image-wrapper\"><div class=\"eb-image-wrapper-inner eb-infobox-image\"><img decoding=\"async\" src=\"https:\/\/arquidiocesedeluanda.ao\/noticia\/wp-content\/uploads\/2026\/02\/sagredo-e1772180350332.jpg\" alt=\"\"\/><\/div><\/div><\/div><\/div><div class=\"contents-wrapper\"><h4 class=\"title\">Sagrado Cora\u00e7\u00e3o de Jesus<br><\/h4><\/div><\/div><\/div><\/div><\/div>\n<\/div>\n\n\n\n<div class=\"wp-block-uagb-container uagb-block-9104b206\">\n<div class=\"wp-block-essential-blocks-infobox  root-eb-infobox-qnikc\"><div class=\"eb-parent-wrapper eb-parent-eb-infobox-qnikc \"><div class=\"eb-infobox-qnikc eb-infobox-wrapper\"><div class=\"infobox-wrapper-inner\"><div class=\"icon-img-wrapper\"><div class=\"eb-infobox-image-wrapper\"><div class=\"eb-image-wrapper\"><div class=\"eb-image-wrapper-inner eb-infobox-image\"><img decoding=\"async\" src=\"https:\/\/arquidiocesedeluanda.ao\/noticia\/wp-content\/uploads\/2026\/02\/claver.jpg\" alt=\"\"\/><\/div><\/div><\/div><\/div><div class=\"contents-wrapper\"><h4 class=\"title\">S\u00e3o Pedro Claver<\/h4><\/div><\/div><\/div><\/div><\/div>\n<\/div>\n<\/div><\/div>\n","protected":false},"excerpt":{"rendered":"<p>Vigararia de Nossa Senhora de F\u00e1tima<\/p>\n","protected":false},"author":1,"featured_media":0,"parent":0,"menu_order":0,"comment_status":"closed","ping_status":"closed","template":"","meta":{"_eb_attr":"","_crdt_document":"","_uag_custom_page_level_css":"","_monsterinsights_skip_tracking":false,"_monsterinsights_sitenote_active":false,"_monsterinsights_sitenote_note":"","_monsterinsights_sitenote_category":0,"footnotes":""},"class_list":["post-1244","page","type-page","status-publish","hentry"],"uagb_featured_image_src":{"full":false,"thumbnail":false,"medium":false,"medium_large":false,"large":false,"1536x1536":false,"2048x2048":false},"uagb_author_info":{"display_name":"Geovanigabriel2","author_link":"https:\/\/arquidiocesedeluanda.ao\/noticia\/author\/geovanigabriel2\/"},"uagb_comment_info":0,"uagb_excerpt":"Vigararia de Nossa Senhora de F\u00e1tima","_links":{"self":[{"href":"https:\/\/arquidiocesedeluanda.ao\/noticia\/wp-json\/wp\/v2\/pages\/1244","targetHints":{"allow":["GET"]}}],"collection":[{"href":"https:\/\/arquidiocesedeluanda.ao\/noticia\/wp-json\/wp\/v2\/pages"}],"about":[{"href":"https:\/\/arquidiocesedeluanda.ao\/noticia\/wp-json\/wp\/v2\/types\/page"}],"author":[{"embeddable":true,"href":"https:\/\/arquidiocesedeluanda.ao\/noticia\/wp-json\/wp\/v2\/users\/1"}],"replies":[{"embeddable":true,"href":"https:\/\/arquidiocesedeluanda.ao\/noticia\/wp-json\/wp\/v2\/comments?post=1244"}],"version-history":[{"count":12,"href":"https:\/\/arquidiocesedeluanda.ao\/noticia\/wp-json\/wp\/v2\/pages\/1244\/revisions"}],"predecessor-version":[{"id":2729,"href":"https:\/\/arquidiocesedeluanda.ao\/noticia\/wp-json\/wp\/v2\/pages\/1244\/revisions\/2729"}],"wp:attachment":[{"href":"https:\/\/arquidiocesedeluanda.ao\/noticia\/wp-json\/wp\/v2\/media?parent=1244"}],"curies":[{"name":"wp","href":"https:\/\/api.w.org\/{rel}","templated":true}]}}