{"id":1246,"date":"2026-02-26T09:40:53","date_gmt":"2026-02-26T09:40:53","guid":{"rendered":"https:\/\/arquidiocesedeluanda.ao\/noticia\/?page_id=1246"},"modified":"2026-02-27T08:45:31","modified_gmt":"2026-02-27T08:45:31","slug":"antonio","status":"publish","type":"page","link":"https:\/\/arquidiocesedeluanda.ao\/noticia\/antonio\/","title":{"rendered":"Ant\u00f3nio"},"content":{"rendered":"\n<div class=\"wp-block-uagb-container uagb-block-c9e179d4 alignfull uagb-is-root-container\">\n<div class=\"wp-block-uagb-advanced-heading uagb-block-60e6508d\"><h1 class=\"uagb-heading-text\"><br><br>Vigararia de Santo Ant\u00f3nio<br><br><br><\/h1><\/div>\n\n\n\n<p class=\"wp-block-paragraph\"><\/p>\n<\/div>\n\n\n\n<div class=\"wp-block-uagb-container uagb-block-c85af407 alignfull uagb-is-root-container\"><div class=\"uagb-container-inner-blocks-wrap\">\n<div class=\"wp-block-uagb-container uagb-block-0cc52cf8\">\n<div class=\"wp-block-essential-blocks-infobox  root-eb-infobox-al3d3\"><div class=\"eb-parent-wrapper eb-parent-eb-infobox-al3d3 \"><div class=\"eb-infobox-al3d3 eb-infobox-wrapper\"><div class=\"infobox-wrapper-inner\"><div class=\"icon-img-wrapper\"><div class=\"eb-infobox-image-wrapper\"><div class=\"eb-image-wrapper\"><div class=\"eb-image-wrapper-inner eb-infobox-image\"><img decoding=\"async\" src=\"https:\/\/arquidiocesedeluanda.ao\/noticia\/wp-content\/uploads\/2026\/02\/santo-Antonio.png\" alt=\"\"\/><\/div><\/div><\/div><\/div><div class=\"contents-wrapper\"><h4 class=\"title\">Santo Ant\u00f3nio<\/h4><\/div><\/div><\/div><\/div><\/div>\n<\/div>\n\n\n\n<div class=\"wp-block-uagb-container uagb-block-eda9d6b9\">\n<div class=\"wp-block-essential-blocks-infobox  root-eb-infobox-7bfio\"><div class=\"eb-parent-wrapper eb-parent-eb-infobox-7bfio \"><div class=\"eb-infobox-7bfio eb-infobox-wrapper\"><div class=\"infobox-wrapper-inner\"><div class=\"icon-img-wrapper\"><div class=\"eb-infobox-image-wrapper\"><div class=\"eb-image-wrapper\"><div class=\"eb-image-wrapper-inner eb-infobox-image\"><img decoding=\"async\" src=\"https:\/\/arquidiocesedeluanda.ao\/noticia\/wp-content\/uploads\/2026\/02\/jose-operario-e1772181214194.jpg\" alt=\"\"\/><\/div><\/div><\/div><\/div><div class=\"contents-wrapper\"><h4 class=\"title\">S\u00e3o Jos\u00e9 Oper\u00e1rio<\/h4><\/div><\/div><\/div><\/div><\/div>\n<\/div>\n\n\n\n<div class=\"wp-block-uagb-container uagb-block-f1694f36\">\n<div class=\"wp-block-essential-blocks-infobox  root-eb-infobox-ea906\"><div class=\"eb-parent-wrapper eb-parent-eb-infobox-ea906 \"><div class=\"eb-infobox-ea906 eb-infobox-wrapper\"><div class=\"infobox-wrapper-inner\"><div class=\"icon-img-wrapper\"><div class=\"eb-infobox-image-wrapper\"><div class=\"eb-image-wrapper\"><div class=\"eb-image-wrapper-inner eb-infobox-image\"><img decoding=\"async\" src=\"https:\/\/arquidiocesedeluanda.ao\/noticia\/wp-content\/uploads\/2026\/02\/Andre-1-e1772181922151.jpg\" alt=\"\"\/><\/div><\/div><\/div><\/div><div class=\"contents-wrapper\"><h4 class=\"title\">Santo Andr\u00e9<\/h4><\/div><\/div><\/div><\/div><\/div>\n<\/div>\n<\/div><\/div>\n\n\n\n<div class=\"wp-block-uagb-container uagb-block-aca71d71 alignfull uagb-is-root-container\"><div class=\"uagb-container-inner-blocks-wrap\">\n<div class=\"wp-block-uagb-container uagb-block-69e931f6\">\n<div class=\"wp-block-essential-blocks-infobox  root-eb-infobox-r4ncw\"><div class=\"eb-parent-wrapper eb-parent-eb-infobox-r4ncw \"><div class=\"eb-infobox-r4ncw eb-infobox-wrapper\"><div class=\"infobox-wrapper-inner\"><div class=\"icon-img-wrapper\"><div class=\"eb-infobox-image-wrapper\"><div class=\"eb-image-wrapper\"><div class=\"eb-image-wrapper-inner eb-infobox-image\"><img decoding=\"async\" src=\"https:\/\/arquidiocesedeluanda.ao\/noticia\/wp-content\/uploads\/2026\/02\/Assuncao.jpg\" alt=\"\"\/><\/div><\/div><\/div><\/div><div class=\"contents-wrapper\"><h4 class=\"title\">N\u00aa S\u00e3o da Assun\u00e7\u00e3o<\/h4><\/div><\/div><\/div><\/div><\/div>\n<\/div>\n\n\n\n<div class=\"wp-block-uagb-container uagb-block-bb0841b2\">\n<div class=\"wp-block-essential-blocks-infobox  root-eb-infobox-iehgz\"><div class=\"eb-parent-wrapper eb-parent-eb-infobox-iehgz \"><div class=\"eb-infobox-iehgz eb-infobox-wrapper\"><div class=\"infobox-wrapper-inner\"><div class=\"icon-img-wrapper\"><div class=\"eb-infobox-image-wrapper\"><div class=\"eb-image-wrapper\"><div class=\"eb-image-wrapper-inner eb-infobox-image\"><img decoding=\"async\" src=\"https:\/\/arquidiocesedeluanda.ao\/noticia\/wp-content\/uploads\/2026\/02\/assis.jpg\" alt=\"\"\/><\/div><\/div><\/div><\/div><div class=\"contents-wrapper\"><h4 class=\"title\">S\u00e3o Francisco de Assis<\/h4><\/div><\/div><\/div><\/div><\/div>\n<\/div>\n\n\n\n<div class=\"wp-block-uagb-container uagb-block-730c0832\">\n<div class=\"wp-block-essential-blocks-infobox  root-eb-infobox-5olc4\"><div class=\"eb-parent-wrapper eb-parent-eb-infobox-5olc4 \"><div class=\"eb-infobox-5olc4 eb-infobox-wrapper\"><div class=\"infobox-wrapper-inner\"><div class=\"icon-img-wrapper\"><div class=\"eb-infobox-image-wrapper\"><div class=\"eb-image-wrapper\"><div class=\"eb-image-wrapper-inner eb-infobox-image\"><img decoding=\"async\" src=\"https:\/\/arquidiocesedeluanda.ao\/noticia\/wp-content\/uploads\/2026\/02\/bakkhitta.jpg\" alt=\"\"\/><\/div><\/div><\/div><\/div><div class=\"contents-wrapper\"><h4 class=\"title\">Santa Josefa Bakhita<\/h4><\/div><\/div><\/div><\/div><\/div>\n<\/div>\n<\/div><\/div>\n\n\n\n<p class=\"wp-block-paragraph\"><\/p>\n","protected":false},"excerpt":{"rendered":"<p>Vigararia de Santo Ant\u00f3nio<\/p>\n","protected":false},"author":1,"featured_media":0,"parent":0,"menu_order":0,"comment_status":"closed","ping_status":"closed","template":"","meta":{"_eb_attr":"","_crdt_document":"","_uag_custom_page_level_css":"","_monsterinsights_skip_tracking":false,"_monsterinsights_sitenote_active":false,"_monsterinsights_sitenote_note":"","_monsterinsights_sitenote_category":0,"footnotes":""},"class_list":["post-1246","page","type-page","status-publish","hentry"],"uagb_featured_image_src":{"full":false,"thumbnail":false,"medium":false,"medium_large":false,"large":false,"1536x1536":false,"2048x2048":false},"uagb_author_info":{"display_name":"Geovanigabriel2","author_link":"https:\/\/arquidiocesedeluanda.ao\/noticia\/author\/geovanigabriel2\/"},"uagb_comment_info":0,"uagb_excerpt":"Vigararia de Santo Ant\u00f3nio","_links":{"self":[{"href":"https:\/\/arquidiocesedeluanda.ao\/noticia\/wp-json\/wp\/v2\/pages\/1246","targetHints":{"allow":["GET"]}}],"collection":[{"href":"https:\/\/arquidiocesedeluanda.ao\/noticia\/wp-json\/wp\/v2\/pages"}],"about":[{"href":"https:\/\/arquidiocesedeluanda.ao\/noticia\/wp-json\/wp\/v2\/types\/page"}],"author":[{"embeddable":true,"href":"https:\/\/arquidiocesedeluanda.ao\/noticia\/wp-json\/wp\/v2\/users\/1"}],"replies":[{"embeddable":true,"href":"https:\/\/arquidiocesedeluanda.ao\/noticia\/wp-json\/wp\/v2\/comments?post=1246"}],"version-history":[{"count":4,"href":"https:\/\/arquidiocesedeluanda.ao\/noticia\/wp-json\/wp\/v2\/pages\/1246\/revisions"}],"predecessor-version":[{"id":1343,"href":"https:\/\/arquidiocesedeluanda.ao\/noticia\/wp-json\/wp\/v2\/pages\/1246\/revisions\/1343"}],"wp:attachment":[{"href":"https:\/\/arquidiocesedeluanda.ao\/noticia\/wp-json\/wp\/v2\/media?parent=1246"}],"curies":[{"name":"wp","href":"https:\/\/api.w.org\/{rel}","templated":true}]}}