{"id":1248,"date":"2026-02-26T09:46:25","date_gmt":"2026-02-26T09:46:25","guid":{"rendered":"https:\/\/arquidiocesedeluanda.ao\/noticia\/?page_id=1248"},"modified":"2026-02-27T09:06:18","modified_gmt":"2026-02-27T09:06:18","slug":"calabria","status":"publish","type":"page","link":"https:\/\/arquidiocesedeluanda.ao\/noticia\/calabria\/","title":{"rendered":"Calabria"},"content":{"rendered":"\n<div class=\"wp-block-uagb-container uagb-block-c9e179d4 alignfull uagb-is-root-container\">\n<div class=\"wp-block-uagb-advanced-heading uagb-block-60e6508d\"><h1 class=\"uagb-heading-text\"><br><br>Vigararia de S\u00e3o Jo\u00e3o Cal\u00e1bria<br><br><br><\/h1><\/div>\n\n\n\n<p class=\"wp-block-paragraph\"><\/p>\n<\/div>\n\n\n\n<div class=\"wp-block-uagb-container uagb-block-c85af407 alignfull uagb-is-root-container\"><div class=\"uagb-container-inner-blocks-wrap\">\n<div class=\"wp-block-uagb-container uagb-block-0cc52cf8\">\n<div class=\"wp-block-essential-blocks-infobox  root-eb-infobox-al3d3\"><div class=\"eb-parent-wrapper eb-parent-eb-infobox-al3d3 \"><div class=\"eb-infobox-al3d3 eb-infobox-wrapper\"><div class=\"infobox-wrapper-inner\"><div class=\"icon-img-wrapper\"><div class=\"eb-infobox-image-wrapper\"><div class=\"eb-image-wrapper\"><div class=\"eb-image-wrapper-inner eb-infobox-image\"><img decoding=\"async\" src=\"https:\/\/arquidiocesedeluanda.ao\/noticia\/wp-content\/uploads\/2026\/02\/Calabria-e1772182842798.webp\" alt=\"\"\/><\/div><\/div><\/div><\/div><div class=\"contents-wrapper\"><h4 class=\"title\">S\u00e3o Jo\u00e3o Cal\u00e1bria<\/h4><\/div><\/div><\/div><\/div><\/div>\n<\/div>\n\n\n\n<div class=\"wp-block-uagb-container uagb-block-eda9d6b9\">\n<div class=\"wp-block-essential-blocks-infobox  root-eb-infobox-7bfio\"><div class=\"eb-parent-wrapper eb-parent-eb-infobox-7bfio \"><div class=\"eb-infobox-7bfio eb-infobox-wrapper\"><div class=\"infobox-wrapper-inner\"><div class=\"icon-img-wrapper\"><div class=\"eb-infobox-image-wrapper\"><div class=\"eb-image-wrapper\"><div class=\"eb-image-wrapper-inner eb-infobox-image\"><img decoding=\"async\" src=\"https:\/\/arquidiocesedeluanda.ao\/noticia\/wp-content\/uploads\/2026\/02\/Santa-catarina-de-Sena.webp\" alt=\"\"\/><\/div><\/div><\/div><\/div><div class=\"contents-wrapper\"><h4 class=\"title\">Santa Catarina de Sena<\/h4><\/div><\/div><\/div><\/div><\/div>\n<\/div>\n\n\n\n<div class=\"wp-block-uagb-container uagb-block-f1694f36\">\n<div class=\"wp-block-essential-blocks-infobox  root-eb-infobox-ea906\"><div class=\"eb-parent-wrapper eb-parent-eb-infobox-ea906 \"><div class=\"eb-infobox-ea906 eb-infobox-wrapper\"><div class=\"infobox-wrapper-inner\"><div class=\"icon-img-wrapper\"><div class=\"eb-infobox-image-wrapper\"><div class=\"eb-image-wrapper\"><div class=\"eb-image-wrapper-inner eb-infobox-image\"><img decoding=\"async\" src=\"https:\/\/arquidiocesedeluanda.ao\/noticia\/wp-content\/uploads\/2026\/02\/Zeno.webp\" alt=\"\"\/><\/div><\/div><\/div><\/div><div class=\"contents-wrapper\"><h4 class=\"title\">S\u00e3o Zeno<\/h4><\/div><\/div><\/div><\/div><\/div>\n<\/div>\n<\/div><\/div>\n\n\n\n<div class=\"wp-block-uagb-container uagb-block-bce1dfdd alignfull uagb-is-root-container\"><div class=\"uagb-container-inner-blocks-wrap\">\n<div class=\"wp-block-uagb-container uagb-block-01acf9ec\">\n<div class=\"wp-block-essential-blocks-infobox  root-eb-infobox-ay7yx\"><div class=\"eb-parent-wrapper eb-parent-eb-infobox-ay7yx \"><div class=\"eb-infobox-ay7yx eb-infobox-wrapper\"><div class=\"infobox-wrapper-inner\"><div class=\"icon-img-wrapper\"><div class=\"eb-infobox-image-wrapper\"><div class=\"eb-image-wrapper\"><div class=\"eb-image-wrapper-inner eb-infobox-image\"><img decoding=\"async\" src=\"https:\/\/arquidiocesedeluanda.ao\/noticia\/wp-content\/uploads\/2026\/02\/Mateus.webp\" alt=\"\"\/><\/div><\/div><\/div><\/div><div class=\"contents-wrapper\"><h4 class=\"title\">S\u00e3o Mateus<\/h4><\/div><\/div><\/div><\/div><\/div>\n<\/div>\n\n\n\n<div class=\"wp-block-uagb-container uagb-block-39c7442e\">\n<div class=\"wp-block-essential-blocks-infobox  root-eb-infobox-4x7a5\"><div class=\"eb-parent-wrapper eb-parent-eb-infobox-4x7a5 \"><div class=\"eb-infobox-4x7a5 eb-infobox-wrapper\"><div class=\"infobox-wrapper-inner\"><div class=\"icon-img-wrapper\"><div class=\"eb-infobox-image-wrapper\"><div class=\"eb-image-wrapper\"><div class=\"eb-image-wrapper-inner eb-infobox-image\"><img decoding=\"async\" src=\"https:\/\/arquidiocesedeluanda.ao\/noticia\/wp-content\/uploads\/2026\/02\/Lucas.jpg\" alt=\"\"\/><\/div><\/div><\/div><\/div><div class=\"contents-wrapper\"><h4 class=\"title\">S\u00e3o Lucas<\/h4><\/div><\/div><\/div><\/div><\/div>\n<\/div>\n\n\n\n<div class=\"wp-block-uagb-container uagb-block-3ac312c8\">\n<div class=\"wp-block-essential-blocks-infobox  root-eb-infobox-6unbk\"><div class=\"eb-parent-wrapper eb-parent-eb-infobox-6unbk \"><div class=\"eb-infobox-6unbk eb-infobox-wrapper\"><div class=\"infobox-wrapper-inner\"><div class=\"icon-img-wrapper\"><div class=\"eb-infobox-image-wrapper\"><div class=\"eb-image-wrapper\"><div class=\"eb-image-wrapper-inner eb-infobox-image\"><img decoding=\"async\" src=\"https:\/\/arquidiocesedeluanda.ao\/noticia\/wp-content\/uploads\/2026\/02\/festa-santa-cruz-fotoPaulaDizaro.jpg\" alt=\"\"\/><\/div><\/div><\/div><\/div><div class=\"contents-wrapper\"><h4 class=\"title\">Santa Cruz<\/h4><\/div><\/div><\/div><\/div><\/div>\n<\/div>\n<\/div><\/div>\n","protected":false},"excerpt":{"rendered":"<p>Vigararia de S\u00e3o Jo\u00e3o Cal\u00e1bria<\/p>\n","protected":false},"author":1,"featured_media":0,"parent":0,"menu_order":0,"comment_status":"closed","ping_status":"closed","template":"","meta":{"_eb_attr":"","_crdt_document":"","_uag_custom_page_level_css":"","_monsterinsights_skip_tracking":false,"_monsterinsights_sitenote_active":false,"_monsterinsights_sitenote_note":"","_monsterinsights_sitenote_category":0,"footnotes":""},"class_list":["post-1248","page","type-page","status-publish","hentry"],"uagb_featured_image_src":{"full":false,"thumbnail":false,"medium":false,"medium_large":false,"large":false,"1536x1536":false,"2048x2048":false},"uagb_author_info":{"display_name":"Geovanigabriel2","author_link":"https:\/\/arquidiocesedeluanda.ao\/noticia\/author\/geovanigabriel2\/"},"uagb_comment_info":0,"uagb_excerpt":"Vigararia de S\u00e3o Jo\u00e3o Cal\u00e1bria","_links":{"self":[{"href":"https:\/\/arquidiocesedeluanda.ao\/noticia\/wp-json\/wp\/v2\/pages\/1248","targetHints":{"allow":["GET"]}}],"collection":[{"href":"https:\/\/arquidiocesedeluanda.ao\/noticia\/wp-json\/wp\/v2\/pages"}],"about":[{"href":"https:\/\/arquidiocesedeluanda.ao\/noticia\/wp-json\/wp\/v2\/types\/page"}],"author":[{"embeddable":true,"href":"https:\/\/arquidiocesedeluanda.ao\/noticia\/wp-json\/wp\/v2\/users\/1"}],"replies":[{"embeddable":true,"href":"https:\/\/arquidiocesedeluanda.ao\/noticia\/wp-json\/wp\/v2\/comments?post=1248"}],"version-history":[{"count":6,"href":"https:\/\/arquidiocesedeluanda.ao\/noticia\/wp-json\/wp\/v2\/pages\/1248\/revisions"}],"predecessor-version":[{"id":1354,"href":"https:\/\/arquidiocesedeluanda.ao\/noticia\/wp-json\/wp\/v2\/pages\/1248\/revisions\/1354"}],"wp:attachment":[{"href":"https:\/\/arquidiocesedeluanda.ao\/noticia\/wp-json\/wp\/v2\/media?parent=1248"}],"curies":[{"name":"wp","href":"https:\/\/api.w.org\/{rel}","templated":true}]}}