{"id":1269,"date":"2026-02-26T11:48:56","date_gmt":"2026-02-26T11:48:56","guid":{"rendered":"https:\/\/arquidiocesedeluanda.ao\/noticia\/?page_id=1269"},"modified":"2026-02-26T12:58:24","modified_gmt":"2026-02-26T12:58:24","slug":"__trashed","status":"publish","type":"page","link":"https:\/\/arquidiocesedeluanda.ao\/noticia\/__trashed\/","title":{"rendered":"Sa\u00fade"},"content":{"rendered":"\n<div class=\"wp-block-uagb-container uagb-block-ca9a3e20 alignfull uagb-is-root-container\">\n<p class=\"wp-block-paragraph\"><\/p>\n\n\n\n<p class=\"wp-block-paragraph\"><\/p>\n\n\n\n<div class=\"wp-block-uagb-advanced-heading uagb-block-a517ad82\"><h1 class=\"uagb-heading-text\">Centros M\u00e9dicos e Postos de Sa\u00fade<br><\/h1><\/div>\n\n\n\n<p class=\"wp-block-paragraph\"><br><\/p>\n<\/div>\n\n\n\n<div class=\"wp-block-uagb-container uagb-block-eeac6f53 alignfull uagb-is-root-container\"><div class=\"uagb-container-inner-blocks-wrap\">\n<div class=\"wp-block-uagb-restaurant-menu uagb-block-70bb60b9 uagb-rm__desk-column-2 uagb-rm__tablet-column-2 uagb-rm__mobile-column-1\">\n<div class=\"wp-block-uagb-restaurant-menu-child uagb-rest_menu__wrap\"><div class=\"uagb-rm__content\"><img decoding=\"async\" class=\"\" src=\"https:\/\/arquidiocesedeluanda.ao\/noticia\/wp-content\/uploads\/2026\/02\/DOMINIQUE.jpg\" alt=\"\" width=\"100\" height=\"100\" loading=\"lazy\"\/><div class=\"uagb-rm-details\"><h4 class=\"uagb-rm__title\">Centro M\u00e9dico Dominique<\/h4><div class=\"uagb-rm__desc\"><strong>Contancto: 933 404 569<br>Endere\u00e7o:<\/strong> Bairro Azul<br><strong>Direc\u00e7\u00e3o:<\/strong> Eularia Juliana<\/div><\/div><span class=\"uagb-rm__price\"><\/span><\/div><div class=\"uagb-rm__separator\"><\/div><\/div>\n\n\n\n<div class=\"wp-block-uagb-restaurant-menu-child uagb-rest_menu__wrap\"><div class=\"uagb-rm__content\"><img decoding=\"async\" class=\"\" src=\"https:\/\/arquidiocesedeluanda.ao\/noticia\/wp-content\/uploads\/2026\/02\/sANTA-mARIA.jpg\" alt=\"\" width=\"100\" height=\"100\" loading=\"lazy\"\/><div class=\"uagb-rm-details\"><h4 class=\"uagb-rm__title\">Centro Materno Infantil Santa Maria<\/h4><div class=\"uagb-rm__desc\"><strong>Contancto: <\/strong>914 254 025<strong><br>Endere\u00e7o:  <\/strong>Areceli Porra Pena<strong><br>Direc\u00e7\u00e3o<\/strong>: Rua da Miss\u00e3o<strong> Cat\u00f3lica-<\/strong> Morro Bento<strong><br><\/strong><\/div><\/div><span class=\"uagb-rm__price\"><\/span><\/div><div class=\"uagb-rm__separator\"><\/div><\/div>\n\n\n\n<div class=\"wp-block-uagb-restaurant-menu-child uagb-rest_menu__wrap\"><div class=\"uagb-rm__content\"><img decoding=\"async\" class=\"\" src=\"https:\/\/arquidiocesedeluanda.ao\/noticia\/wp-content\/uploads\/2026\/02\/nOSSA-sENHORA-DE-fATIMA-255x300.jpg\" alt=\"\" width=\"100\" height=\"117\" loading=\"lazy\"\/><div class=\"uagb-rm-details\"><h4 class=\"uagb-rm__title\">Centro M\u00e9dico N\u00aa S\u00aa de F\u00e1tima<\/h4><div class=\"uagb-rm__desc\"><strong>Contancto:<\/strong> 923 003 847<strong><br>Endere\u00e7o: <\/strong>Domingos Gabriel<strong> <br>Direc\u00e7\u00e3o:<\/strong> Bairro Nelito Soares<\/div><\/div><span class=\"uagb-rm__price\"><\/span><\/div><div class=\"uagb-rm__separator\"><\/div><\/div>\n\n\n\n<div class=\"wp-block-uagb-restaurant-menu-child uagb-rest_menu__wrap\"><div class=\"uagb-rm__content\"><img decoding=\"async\" class=\"\" src=\"https:\/\/arquidiocesedeluanda.ao\/noticia\/wp-content\/uploads\/2026\/02\/BOM-SAMARITANO-e1772109961888.jpg\" alt=\"\" width=\"100\" height=\"69\" loading=\"lazy\"\/><div class=\"uagb-rm-details\"><h4 class=\"uagb-rm__title\">Centro M\u00e9dico Bom Samaritano<\/h4><div class=\"uagb-rm__desc\"><strong>Contancto:<\/strong> 929 552 432<strong><br>Endere\u00e7o: <\/strong>Bairro Cala Wenda<strong><br>Direc\u00e7\u00e3o:<\/strong> Oliveira Tchigalule<\/div><\/div><span class=\"uagb-rm__price\"><\/span><\/div><div class=\"uagb-rm__separator\"><\/div><\/div>\n<\/div>\n<\/div><\/div>\n\n\n\n<div class=\"wp-block-uagb-container uagb-block-534338d6 alignfull uagb-is-root-container\"><div class=\"uagb-container-inner-blocks-wrap\">\n<div class=\"wp-block-uagb-restaurant-menu uagb-block-c3202625 uagb-rm__desk-column-2 uagb-rm__tablet-column-2 uagb-rm__mobile-column-1\">\n<div class=\"wp-block-uagb-restaurant-menu-child uagb-rest_menu__wrap\"><div class=\"uagb-rm__content\"><img decoding=\"async\" class=\"\" src=\"https:\/\/arquidiocesedeluanda.ao\/noticia\/wp-content\/uploads\/2026\/02\/MAMA-MUXIMA-e1772110046780.jpg\" alt=\"\" width=\"100\" height=\"131\" loading=\"lazy\"\/><div class=\"uagb-rm-details\"><h4 class=\"uagb-rm__title\">Centro M\u00e9dico Mama Muxima<\/h4><div class=\"uagb-rm__desc\"><strong>Contancto: <\/strong>923 513 003<strong><br>Endere\u00e7o: <\/strong>Praia do Bispo<strong><br>Direc\u00e7\u00e3o:<\/strong> Loudes Aco<\/div><\/div><span class=\"uagb-rm__price\"><\/span><\/div><div class=\"uagb-rm__separator\"><\/div><\/div>\n\n\n\n<div class=\"wp-block-uagb-restaurant-menu-child uagb-rest_menu__wrap\"><div class=\"uagb-rm__content\"><img decoding=\"async\" class=\"\" src=\"https:\/\/arquidiocesedeluanda.ao\/noticia\/wp-content\/uploads\/2026\/02\/SAO-jOSE.jpg\" alt=\"\" width=\"100\" height=\"100\" loading=\"lazy\"\/><div class=\"uagb-rm-details\"><h4 class=\"uagb-rm__title\">Centro M\u00e9dico S\u00e3o Jos\u00e9<\/h4><div class=\"uagb-rm__desc\"><strong>Contancto: <\/strong>923 843 698<strong><br>Endere\u00e7o: <\/strong>Bairro Morro Bento<strong><br>Direc\u00e7\u00e3o:<\/strong> Almeida Bemba<\/div><\/div><span class=\"uagb-rm__price\"><\/span><\/div><div class=\"uagb-rm__separator\"><\/div><\/div>\n\n\n\n<div class=\"wp-block-uagb-restaurant-menu-child uagb-rest_menu__wrap\"><div class=\"uagb-rm__content\"><img decoding=\"async\" class=\"\" src=\"https:\/\/arquidiocesedeluanda.ao\/noticia\/wp-content\/uploads\/2026\/02\/SANTA-ANA.jpg\" alt=\"\" width=\"100\" height=\"100\" loading=\"lazy\"\/><div class=\"uagb-rm-details\"><h4 class=\"uagb-rm__title\">Centro M\u00e9dico Santa Ana<\/h4><div class=\"uagb-rm__desc\"><strong>Contancto: <\/strong>923 513 003<strong><br>Endere\u00e7o:<\/strong> Bairro Palanca<strong>, <\/strong>Rua Olimpio<strong><br>Direc\u00e7\u00e3o:<\/strong> <strong>Ir <\/strong>Lourdes Aco<\/div><\/div><span class=\"uagb-rm__price\"><\/span><\/div><div class=\"uagb-rm__separator\"><\/div><\/div>\n\n\n\n<div class=\"wp-block-uagb-restaurant-menu-child uagb-rest_menu__wrap\"><div class=\"uagb-rm__content\"><img decoding=\"async\" class=\"\" src=\"https:\/\/arquidiocesedeluanda.ao\/noticia\/wp-content\/uploads\/2026\/02\/SAO-mARCOS.jpg\" alt=\"\" width=\"100\" height=\"100\" loading=\"lazy\"\/><div class=\"uagb-rm-details\"><h4 class=\"uagb-rm__title\">Centro M\u00e9dico S\u00e3o Marcos<\/h4><div class=\"uagb-rm__desc\"><strong>Contancto: <\/strong>912 025 301<strong><br>Endere\u00e7o: <\/strong>Bairro Capolo II<strong><br>Direc\u00e7\u00e3o:<\/strong> Nsamba Maiomona<\/div><\/div><span class=\"uagb-rm__price\"><\/span><\/div><div class=\"uagb-rm__separator\"><\/div><\/div>\n<\/div>\n<\/div><\/div>\n\n\n\n<div class=\"wp-block-uagb-container uagb-block-46a7dae0 alignfull uagb-is-root-container\"><div class=\"uagb-container-inner-blocks-wrap\">\n<div class=\"wp-block-uagb-restaurant-menu uagb-block-669bc900 uagb-rm__desk-column-2 uagb-rm__tablet-column-2 uagb-rm__mobile-column-1\">\n<div class=\"wp-block-uagb-restaurant-menu-child uagb-rest_menu__wrap\"><div class=\"uagb-rm__content\"><img decoding=\"async\" class=\"\" src=\"https:\/\/arquidiocesedeluanda.ao\/noticia\/wp-content\/uploads\/2026\/02\/ANDRE.jpg\" alt=\"\" width=\"100\" height=\"108\" loading=\"lazy\"\/><div class=\"uagb-rm-details\"><h4 class=\"uagb-rm__title\">Centro M\u00e9dico Santo Andr\u00e9<\/h4><div class=\"uagb-rm__desc\"><strong>Contancto: 923 513 003<br>Endere\u00e7o: <\/strong>Rua Fortaleza, Bairro S\u00e3o Pedro da BaIrro<strong><br>Direc\u00e7\u00e3o:<\/strong> Lourdes Aco<\/div><\/div><span class=\"uagb-rm__price\"><\/span><\/div><div class=\"uagb-rm__separator\"><\/div><\/div>\n\n\n\n<div class=\"wp-block-uagb-restaurant-menu-child uagb-rest_menu__wrap\"><div class=\"uagb-rm__content\"><img decoding=\"async\" class=\"\" src=\"https:\/\/arquidiocesedeluanda.ao\/noticia\/wp-content\/plugins\/ultimate-addons-for-gutenberg\/\/admin\/assets\/images\/uag-placeholder.svg\" width=\"100\" height=\"100\" loading=\"lazy\"\/><div class=\"uagb-rm-details\"><h4 class=\"uagb-rm__title\">Posto de Sa\u00fade Santo Ant\u00f3nio<\/h4><div class=\"uagb-rm__desc\"><strong>Contancto: <\/strong>923 739 223<strong><br>Endere\u00e7o:<br>Direc\u00e7\u00e3o:<\/strong><\/div><\/div><span class=\"uagb-rm__price\"><\/span><\/div><div class=\"uagb-rm__separator\"><\/div><\/div>\n\n\n\n<div class=\"wp-block-uagb-restaurant-menu-child uagb-rest_menu__wrap\"><div class=\"uagb-rm__content\"><img decoding=\"async\" class=\"\" src=\"https:\/\/arquidiocesedeluanda.ao\/noticia\/wp-content\/plugins\/ultimate-addons-for-gutenberg\/\/admin\/assets\/images\/uag-placeholder.svg\" width=\"100\" height=\"100\" loading=\"lazy\"\/><div class=\"uagb-rm-details\"><h4 class=\"uagb-rm__title\">Posto de Sa\u00fade S\u00e3o Francisco Xavier<\/h4><div class=\"uagb-rm__desc\"><strong>Contancto: <strong> <\/strong><\/strong>923 935 968<strong><br>Endere\u00e7o: <\/strong>Rua 12,  Martires do Kifangondo<strong><br>Direc\u00e7\u00e3o:<\/strong> Guilhermina Firmina<\/div><\/div><span class=\"uagb-rm__price\"><\/span><\/div><div class=\"uagb-rm__separator\"><\/div><\/div>\n\n\n\n<div class=\"wp-block-uagb-restaurant-menu-child uagb-rest_menu__wrap\"><div class=\"uagb-rm__content\"><img decoding=\"async\" class=\"\" src=\"https:\/\/arquidiocesedeluanda.ao\/noticia\/wp-content\/plugins\/ultimate-addons-for-gutenberg\/\/admin\/assets\/images\/uag-placeholder.svg\" width=\"100\" height=\"100\" loading=\"lazy\"\/><div class=\"uagb-rm-details\"><h4 class=\"uagb-rm__title\">Posto de Sa\u00fade S\u00e3o Jer\u00f3nimo<\/h4><div class=\"uagb-rm__desc\"><strong>Contancto: <\/strong>917 785 240<strong><br>Endere\u00e7o: <\/strong>Rua Kima Kienda<strong><br>Direc\u00e7\u00e3o:<\/strong> Artur Hebo<\/div><\/div><span class=\"uagb-rm__price\"><\/span><\/div><div class=\"uagb-rm__separator\"><\/div><\/div>\n<\/div>\n<\/div><\/div>\n","protected":false},"excerpt":{"rendered":"<p>Centros M\u00e9dicos e Postos de Sa\u00fade<\/p>\n","protected":false},"author":1,"featured_media":0,"parent":0,"menu_order":0,"comment_status":"closed","ping_status":"closed","template":"","meta":{"_eb_attr":"","_crdt_document":"","_uag_custom_page_level_css":"","_monsterinsights_skip_tracking":false,"_monsterinsights_sitenote_active":false,"_monsterinsights_sitenote_note":"","_monsterinsights_sitenote_category":0,"footnotes":""},"class_list":["post-1269","page","type-page","status-publish","hentry"],"uagb_featured_image_src":{"full":false,"thumbnail":false,"medium":false,"medium_large":false,"large":false,"1536x1536":false,"2048x2048":false},"uagb_author_info":{"display_name":"Geovanigabriel2","author_link":"https:\/\/arquidiocesedeluanda.ao\/noticia\/author\/geovanigabriel2\/"},"uagb_comment_info":0,"uagb_excerpt":"Centros M\u00e9dicos e Postos de Sa\u00fade","_links":{"self":[{"href":"https:\/\/arquidiocesedeluanda.ao\/noticia\/wp-json\/wp\/v2\/pages\/1269","targetHints":{"allow":["GET"]}}],"collection":[{"href":"https:\/\/arquidiocesedeluanda.ao\/noticia\/wp-json\/wp\/v2\/pages"}],"about":[{"href":"https:\/\/arquidiocesedeluanda.ao\/noticia\/wp-json\/wp\/v2\/types\/page"}],"author":[{"embeddable":true,"href":"https:\/\/arquidiocesedeluanda.ao\/noticia\/wp-json\/wp\/v2\/users\/1"}],"replies":[{"embeddable":true,"href":"https:\/\/arquidiocesedeluanda.ao\/noticia\/wp-json\/wp\/v2\/comments?post=1269"}],"version-history":[{"count":4,"href":"https:\/\/arquidiocesedeluanda.ao\/noticia\/wp-json\/wp\/v2\/pages\/1269\/revisions"}],"predecessor-version":[{"id":1287,"href":"https:\/\/arquidiocesedeluanda.ao\/noticia\/wp-json\/wp\/v2\/pages\/1269\/revisions\/1287"}],"wp:attachment":[{"href":"https:\/\/arquidiocesedeluanda.ao\/noticia\/wp-json\/wp\/v2\/media?parent=1269"}],"curies":[{"name":"wp","href":"https:\/\/api.w.org\/{rel}","templated":true}]}}