{"id":1446,"date":"2026-03-01T08:38:01","date_gmt":"2026-03-01T08:38:01","guid":{"rendered":"https:\/\/arquidiocesedeluanda.ao\/noticia\/nossa-senhora-da-conceicao-11\/"},"modified":"2026-03-01T18:53:46","modified_gmt":"2026-03-01T18:53:46","slug":"nossa-senhora-da-conceicao-11","status":"publish","type":"page","link":"https:\/\/arquidiocesedeluanda.ao\/noticia\/nossa-senhora-da-conceicao-11\/","title":{"rendered":"Nossa Senhora dos Rem\u00e9dios"},"content":{"rendered":"\n<div class=\"wp-block-uagb-container uagb-block-c9e179d4 alignfull uagb-is-root-container\">\n<p class=\"wp-block-paragraph\"><\/p>\n\n\n\n<div class=\"wp-block-uagb-container uagb-block-5ddeb376\">\n<div class=\"wp-block-uagb-advanced-heading uagb-block-33295762\"><h1 class=\"uagb-heading-text\"><br><br>Nossa Senhora dos Rem\u00e9dios<br><br><\/h1><\/div>\n\n\n\n<p class=\"wp-block-paragraph\"><\/p>\n<\/div>\n<\/div>\n\n\n\n<div class=\"wp-block-uagb-container uagb-block-a3fdeca8 alignfull uagb-is-root-container\"><div class=\"uagb-container-inner-blocks-wrap\">\n<div class=\"wp-block-uagb-container uagb-block-990a7f25\">\n<div class=\"wp-block-essential-blocks-infobox  root-eb-infobox-g1mxt\"><div class=\"eb-parent-wrapper eb-parent-eb-infobox-g1mxt \"><div class=\"eb-infobox-g1mxt eb-infobox-wrapper\"><div class=\"infobox-wrapper-inner\"><div class=\"icon-img-wrapper\"><div class=\"eb-infobox-image-wrapper\"><div class=\"eb-image-wrapper\"><div class=\"eb-image-wrapper-inner eb-infobox-image eb-img-caption-style-2 eb-caption-horizontal-center eb-caption-vertical-bottom bottom\"><img decoding=\"async\" src=\"https:\/\/arquidiocesedeluanda.ao\/noticia\/wp-content\/uploads\/2026\/03\/Chacachama.jpg\" alt=\"P\u00e1roco de Nossa Senhora da Concei\u00e7\u00e3o\"\/><\/div><figcaption class=\"eb-image-caption-wrap\">P\u00e1roco de Nossa Senhora dos Rem\u00e9dios<\/figcaption><\/div><\/div><\/div><div class=\"contents-wrapper\"><h2 class=\"title\">Frei Miguel Chacachama<\/h2><p class=\"description\">P\u00e1roco<\/p><\/div><\/div><\/div><\/div><\/div>\n<\/div>\n\n\n\n<div class=\"wp-block-uagb-container uagb-block-af30b479\">\n<div class=\"wp-block-essential-blocks-infobox  root-eb-infobox-2jhup\"><div class=\"eb-parent-wrapper eb-parent-eb-infobox-2jhup \"><div class=\"eb-infobox-2jhup eb-infobox-wrapper\"><div class=\"infobox-wrapper-inner\"><div class=\"contents-wrapper\"><h2 class=\"title\"><\/h2><p class=\"description\">Vig\u00e1rio Paroquial<\/p><\/div><\/div><\/div><\/div><\/div>\n<\/div>\n<\/div><\/div>\n\n\n\n<div class=\"wp-block-uagb-container uagb-block-619700d4 alignfull uagb-is-root-container\"><div class=\"uagb-container-inner-blocks-wrap\">\n<div class=\"wp-block-uagb-container uagb-block-52b34df4\">\n<div class=\"wp-block-essential-blocks-infobox  root-eb-infobox-p5kyo\"><div class=\"eb-parent-wrapper eb-parent-eb-infobox-p5kyo \"><div class=\"eb-infobox-p5kyo eb-infobox-wrapper\"><div class=\"infobox-wrapper-inner\"><div class=\"icon-img-wrapper\"><div class=\"eb-icon number-or-icon\"><i icon=\"fas fa-church\" class=\"fas fa-church eb-infobox-icon-data-selector\"><\/i><\/div><\/div><div class=\"contents-wrapper\"><h2 class=\"title\">Missas F\u00e9rias<\/h2><p class=\"description\">Segunda \u00e0 Sexta<br>12:30 e 18:30<\/p><\/div><\/div><\/div><\/div><\/div>\n<\/div>\n\n\n\n<div class=\"wp-block-uagb-container uagb-block-70c0d20e\">\n<div class=\"wp-block-essential-blocks-infobox  root-eb-infobox-bhrql\"><div class=\"eb-parent-wrapper eb-parent-eb-infobox-bhrql \"><div class=\"eb-infobox-bhrql eb-infobox-wrapper\"><div class=\"infobox-wrapper-inner\"><div class=\"icon-img-wrapper\"><div class=\"eb-icon number-or-icon\"><i icon=\"fas fa-map-location-dot\" class=\"fas fa-map-location-dot eb-infobox-icon-data-selector\"><\/i><\/div><\/div><div class=\"contents-wrapper\"><h2 class=\"title\">Localiza\u00e7\u00e3o<\/h2><p class=\"description\">Largo Rainha Ginga<\/p><\/div><\/div><\/div><\/div><\/div>\n<\/div>\n\n\n\n<div class=\"wp-block-uagb-container uagb-block-37cc3231\">\n<div class=\"wp-block-essential-blocks-infobox  root-eb-infobox-4j5t8\"><div class=\"eb-parent-wrapper eb-parent-eb-infobox-4j5t8 \"><div class=\"eb-infobox-4j5t8 eb-infobox-wrapper\"><div class=\"infobox-wrapper-inner\"><div class=\"icon-img-wrapper\"><div class=\"eb-icon number-or-icon\"><span class=\"dashicon dashicons dashicons-phone eb-infobox-icon-data-selector\"><\/span><\/div><\/div><div class=\"contents-wrapper\"><h2 class=\"title\">Contactos<\/h2><p class=\"description\"> \ud83d\udcde 938 082 408<br>\ud83d\udce7paroquia.dosremedios10@gmail.com<\/p><\/div><\/div><\/div><\/div><\/div>\n<\/div>\n<\/div><\/div>\n","protected":false},"excerpt":{"rendered":"<p>Nossa Senhora dos Rem\u00e9dios<\/p>\n","protected":false},"author":1,"featured_media":1304,"parent":0,"menu_order":0,"comment_status":"closed","ping_status":"closed","template":"","meta":{"_eb_attr":"","_crdt_document":"","_uag_custom_page_level_css":"","_monsterinsights_skip_tracking":false,"_monsterinsights_sitenote_active":false,"_monsterinsights_sitenote_note":"","_monsterinsights_sitenote_category":0,"footnotes":""},"class_list":["post-1446","page","type-page","status-publish","has-post-thumbnail","hentry"],"uagb_featured_image_src":{"full":["https:\/\/arquidiocesedeluanda.ao\/noticia\/wp-content\/uploads\/2026\/02\/remedios.jpg",225,225,false],"thumbnail":["https:\/\/arquidiocesedeluanda.ao\/noticia\/wp-content\/uploads\/2026\/02\/remedios-150x150.jpg",150,150,true],"medium":["https:\/\/arquidiocesedeluanda.ao\/noticia\/wp-content\/uploads\/2026\/02\/remedios.jpg",225,225,false],"medium_large":["https:\/\/arquidiocesedeluanda.ao\/noticia\/wp-content\/uploads\/2026\/02\/remedios.jpg",225,225,false],"large":["https:\/\/arquidiocesedeluanda.ao\/noticia\/wp-content\/uploads\/2026\/02\/remedios.jpg",225,225,false],"1536x1536":["https:\/\/arquidiocesedeluanda.ao\/noticia\/wp-content\/uploads\/2026\/02\/remedios.jpg",225,225,false],"2048x2048":["https:\/\/arquidiocesedeluanda.ao\/noticia\/wp-content\/uploads\/2026\/02\/remedios.jpg",225,225,false]},"uagb_author_info":{"display_name":"Geovanigabriel2","author_link":"https:\/\/arquidiocesedeluanda.ao\/noticia\/author\/geovanigabriel2\/"},"uagb_comment_info":0,"uagb_excerpt":"Nossa Senhora dos Rem\u00e9dios","_links":{"self":[{"href":"https:\/\/arquidiocesedeluanda.ao\/noticia\/wp-json\/wp\/v2\/pages\/1446","targetHints":{"allow":["GET"]}}],"collection":[{"href":"https:\/\/arquidiocesedeluanda.ao\/noticia\/wp-json\/wp\/v2\/pages"}],"about":[{"href":"https:\/\/arquidiocesedeluanda.ao\/noticia\/wp-json\/wp\/v2\/types\/page"}],"author":[{"embeddable":true,"href":"https:\/\/arquidiocesedeluanda.ao\/noticia\/wp-json\/wp\/v2\/users\/1"}],"replies":[{"embeddable":true,"href":"https:\/\/arquidiocesedeluanda.ao\/noticia\/wp-json\/wp\/v2\/comments?post=1446"}],"version-history":[{"count":26,"href":"https:\/\/arquidiocesedeluanda.ao\/noticia\/wp-json\/wp\/v2\/pages\/1446\/revisions"}],"predecessor-version":[{"id":2667,"href":"https:\/\/arquidiocesedeluanda.ao\/noticia\/wp-json\/wp\/v2\/pages\/1446\/revisions\/2667"}],"wp:featuredmedia":[{"embeddable":true,"href":"https:\/\/arquidiocesedeluanda.ao\/noticia\/wp-json\/wp\/v2\/media\/1304"}],"wp:attachment":[{"href":"https:\/\/arquidiocesedeluanda.ao\/noticia\/wp-json\/wp\/v2\/media?parent=1446"}],"curies":[{"name":"wp","href":"https:\/\/api.w.org\/{rel}","templated":true}]}}