{"id":1454,"date":"2026-03-01T08:38:01","date_gmt":"2026-03-01T08:38:01","guid":{"rendered":"https:\/\/arquidiocesedeluanda.ao\/noticia\/nossa-senhora-da-conceicao-19\/"},"modified":"2026-03-02T08:47:11","modified_gmt":"2026-03-02T08:47:11","slug":"nossa-senhora-da-conceicao-19","status":"publish","type":"page","link":"https:\/\/arquidiocesedeluanda.ao\/noticia\/nossa-senhora-da-conceicao-19\/","title":{"rendered":"S\u00e3o Paulo"},"content":{"rendered":"\n<div class=\"wp-block-uagb-container uagb-block-c9e179d4 alignfull uagb-is-root-container\">\n<p class=\"wp-block-paragraph\"><\/p>\n\n\n\n<div class=\"wp-block-uagb-container uagb-block-5ddeb376\">\n<div class=\"wp-block-uagb-advanced-heading uagb-block-33295762\"><h1 class=\"uagb-heading-text\"><br><br>S\u00e3o Paulo<br><br><\/h1><\/div>\n\n\n\n<p class=\"wp-block-paragraph\"><\/p>\n<\/div>\n<\/div>\n\n\n\n<div class=\"wp-block-uagb-container uagb-block-a3fdeca8 alignfull uagb-is-root-container\"><div class=\"uagb-container-inner-blocks-wrap\">\n<div class=\"wp-block-uagb-container uagb-block-990a7f25\">\n<div class=\"wp-block-essential-blocks-infobox  root-eb-infobox-g1mxt\"><div class=\"eb-parent-wrapper eb-parent-eb-infobox-g1mxt \"><div class=\"eb-infobox-g1mxt eb-infobox-wrapper\"><div class=\"infobox-wrapper-inner\"><div class=\"icon-img-wrapper\"><div class=\"eb-infobox-image-wrapper\"><div class=\"eb-image-wrapper\"><div class=\"eb-image-wrapper-inner eb-infobox-image eb-img-caption-style-2 eb-caption-horizontal-center eb-caption-vertical-bottom bottom\"><img decoding=\"async\" src=\"https:\/\/arquidiocesedeluanda.ao\/noticia\/wp-content\/uploads\/2026\/03\/Padre-Andres-Algorta-150x150.jpg\" alt=\"Arquidiocese de Luanda, P\u00e1roco da Par\u00f3quia de S\u00e3o Paulo\"\/><\/div><figcaption class=\"eb-image-caption-wrap\">P\u00e1roco da Par\u00f3quia de S\u00e3o Paulo<\/figcaption><\/div><\/div><\/div><div class=\"contents-wrapper\"><h2 class=\"title\"><strong>Andr\u00e9s Algorta<\/strong><\/h2><p class=\"description\">P\u00e1roco<\/p><\/div><\/div><\/div><\/div><\/div>\n<\/div>\n\n\n\n<div class=\"wp-block-uagb-container uagb-block-af30b479\">\n<div class=\"wp-block-essential-blocks-infobox  root-eb-infobox-2jhup\"><div class=\"eb-parent-wrapper eb-parent-eb-infobox-2jhup \"><div class=\"eb-infobox-2jhup eb-infobox-wrapper\"><div class=\"infobox-wrapper-inner\"><div class=\"contents-wrapper\"><h2 class=\"title\"><\/h2><p class=\"description\">Vig\u00e1rio Paroquial<\/p><\/div><\/div><\/div><\/div><\/div>\n<\/div>\n<\/div><\/div>\n\n\n\n<div class=\"wp-block-uagb-container uagb-block-619700d4 alignfull uagb-is-root-container\"><div class=\"uagb-container-inner-blocks-wrap\">\n<div class=\"wp-block-uagb-container uagb-block-52b34df4\">\n<div class=\"wp-block-essential-blocks-infobox  root-eb-infobox-p5kyo\"><div class=\"eb-parent-wrapper eb-parent-eb-infobox-p5kyo \"><div class=\"eb-infobox-p5kyo eb-infobox-wrapper\"><div class=\"infobox-wrapper-inner\"><div class=\"icon-img-wrapper\"><div class=\"eb-icon number-or-icon\"><i icon=\"fas fa-church\" class=\"fas fa-church eb-infobox-icon-data-selector\"><\/i><\/div><\/div><div class=\"contents-wrapper\"><h2 class=\"title\">Missas F\u00e9rias<\/h2><p class=\"description\">Segunda \u00e0 Sexta<br>06:30<br>12:30<br>18:30<\/p><\/div><\/div><\/div><\/div><\/div>\n<\/div>\n\n\n\n<div class=\"wp-block-uagb-container uagb-block-70c0d20e\">\n<div class=\"wp-block-essential-blocks-infobox  root-eb-infobox-bhrql\"><div class=\"eb-parent-wrapper eb-parent-eb-infobox-bhrql \"><div class=\"eb-infobox-bhrql eb-infobox-wrapper\"><div class=\"infobox-wrapper-inner\"><div class=\"icon-img-wrapper\"><div class=\"eb-icon number-or-icon\"><i icon=\"fas fa-map-location-dot\" class=\"fas fa-map-location-dot eb-infobox-icon-data-selector\"><\/i><\/div><\/div><div class=\"contents-wrapper\"><h2 class=\"title\">Localiza\u00e7\u00e3o<\/h2><p class=\"description\">Rua Garcia Neto- Bairro S\u00e3o Paulo, Luanda<\/p><\/div><\/div><\/div><\/div><\/div>\n<\/div>\n\n\n\n<div class=\"wp-block-uagb-container uagb-block-37cc3231\">\n<div class=\"wp-block-essential-blocks-infobox  root-eb-infobox-4j5t8\"><div class=\"eb-parent-wrapper eb-parent-eb-infobox-4j5t8 \"><div class=\"eb-infobox-4j5t8 eb-infobox-wrapper\"><div class=\"infobox-wrapper-inner\"><div class=\"icon-img-wrapper\"><div class=\"eb-icon number-or-icon\"><span class=\"dashicon dashicons dashicons-phone eb-infobox-icon-data-selector\"><\/span><\/div><\/div><div class=\"contents-wrapper\"><h2 class=\"title\">Contactos<\/h2><p class=\"description\"> \ud83d\udcde 937 077 771<br>\ud83d\udce7andresaalgorta11@hotmail.com<\/p><\/div><\/div><\/div><\/div><\/div>\n<\/div>\n<\/div><\/div>\n","protected":false},"excerpt":{"rendered":"<p>S\u00e3o Paulo<\/p>\n","protected":false},"author":1,"featured_media":0,"parent":0,"menu_order":0,"comment_status":"closed","ping_status":"closed","template":"","meta":{"_eb_attr":"","_crdt_document":"","_uag_custom_page_level_css":"","_monsterinsights_skip_tracking":false,"_monsterinsights_sitenote_active":false,"_monsterinsights_sitenote_note":"","_monsterinsights_sitenote_category":0,"footnotes":""},"class_list":["post-1454","page","type-page","status-publish","hentry"],"uagb_featured_image_src":{"full":false,"thumbnail":false,"medium":false,"medium_large":false,"large":false,"1536x1536":false,"2048x2048":false},"uagb_author_info":{"display_name":"Geovanigabriel2","author_link":"https:\/\/arquidiocesedeluanda.ao\/noticia\/author\/geovanigabriel2\/"},"uagb_comment_info":0,"uagb_excerpt":"S\u00e3o Paulo","_links":{"self":[{"href":"https:\/\/arquidiocesedeluanda.ao\/noticia\/wp-json\/wp\/v2\/pages\/1454","targetHints":{"allow":["GET"]}}],"collection":[{"href":"https:\/\/arquidiocesedeluanda.ao\/noticia\/wp-json\/wp\/v2\/pages"}],"about":[{"href":"https:\/\/arquidiocesedeluanda.ao\/noticia\/wp-json\/wp\/v2\/types\/page"}],"author":[{"embeddable":true,"href":"https:\/\/arquidiocesedeluanda.ao\/noticia\/wp-json\/wp\/v2\/users\/1"}],"replies":[{"embeddable":true,"href":"https:\/\/arquidiocesedeluanda.ao\/noticia\/wp-json\/wp\/v2\/comments?post=1454"}],"version-history":[{"count":24,"href":"https:\/\/arquidiocesedeluanda.ao\/noticia\/wp-json\/wp\/v2\/pages\/1454\/revisions"}],"predecessor-version":[{"id":2725,"href":"https:\/\/arquidiocesedeluanda.ao\/noticia\/wp-json\/wp\/v2\/pages\/1454\/revisions\/2725"}],"wp:attachment":[{"href":"https:\/\/arquidiocesedeluanda.ao\/noticia\/wp-json\/wp\/v2\/media?parent=1454"}],"curies":[{"name":"wp","href":"https:\/\/api.w.org\/{rel}","templated":true}]}}