{"id":636,"date":"2025-12-13T15:41:13","date_gmt":"2025-12-13T15:41:13","guid":{"rendered":"https:\/\/arquidiocesedeluanda.ao\/noticia\/?page_id=636"},"modified":"2025-12-13T22:05:33","modified_gmt":"2025-12-13T22:05:33","slug":"religiosos","status":"publish","type":"page","link":"https:\/\/arquidiocesedeluanda.ao\/noticia\/religiosos\/","title":{"rendered":"Religiosos"},"content":{"rendered":"\n<div class=\"wp-block-uagb-team uagb-team__image-position-left uagb-team__align-center uagb-team__stack-tablet uagb-block-50c7c918\"><div class=\"uagb-team__content\"><h3 class=\"uagb-team__title\">Edilson Palma<\/h3><span class=\"uagb-team__prefix\"><\/span><p class=\"uagb-team__desc\">Nascimento: <br>Congrega\u00e7\u00e3o: Salesiano de Dom Bosco<br>Ordena\u00e7\u00e3o Diaconal: <br>Ordena\u00e7\u00e3o Sacerdotal: <\/p><ul class=\"uagb-team__social-list\"><\/ul><\/div><\/div>\n\n\n\n<div class=\"wp-block-uagb-team uagb-team__image-position-left uagb-team__align-center uagb-team__stack-tablet uagb-block-77c71930\"><div class=\"uagb-team__content\"><h3 class=\"uagb-team__title\">Jo\u00e3o Francisco<\/h3><span class=\"uagb-team__prefix\"><\/span><p class=\"uagb-team__desc\">Nascimento: <br>Congrega\u00e7\u00e3o: Esperitano<br>Ordena\u00e7\u00e3o Diaconal: <br>Ordena\u00e7\u00e3o Sacerdotal: <\/p><ul class=\"uagb-team__social-list\"><\/ul><\/div><\/div>\n\n\n\n<div class=\"wp-block-uagb-team uagb-team__image-position-left uagb-team__align-center uagb-team__stack-tablet uagb-block-7d9aff4f\"><div class=\"uagb-team__content\"><h3 class=\"uagb-team__title\">\u00c1lvaro Boavida Caica<\/h3><span class=\"uagb-team__prefix\"><\/span><p class=\"uagb-team__desc\">Nascimento: <br>Congrega\u00e7\u00e3o: Espiritano<br>Ordena\u00e7\u00e3o Diaconal: <br>Ordena\u00e7\u00e3o Sacerdotal: <\/p><ul class=\"uagb-team__social-list\"><\/ul><\/div><\/div>\n\n\n\n<div class=\"wp-block-uagb-team uagb-team__image-position-left uagb-team__align-center uagb-team__stack-tablet uagb-block-d04d8b71\"><div class=\"uagb-team__content\"><h3 class=\"uagb-team__title\">Aristides Neiva<\/h3><span class=\"uagb-team__prefix\"><\/span><p class=\"uagb-team__desc\">Nascimento: <br>Congrega\u00e7\u00e3o: Espiritano<br>Ordena\u00e7\u00e3o Diaconal: <br>Ordena\u00e7\u00e3o Sacerdotal: <\/p><ul class=\"uagb-team__social-list\"><\/ul><\/div><\/div>\n\n\n\n<div class=\"wp-block-uagb-team uagb-team__image-position-left uagb-team__align-center uagb-team__stack-tablet uagb-block-83fa38de\"><div class=\"uagb-team__content\"><h3 class=\"uagb-team__title\">Fausto Rosado<\/h3><span class=\"uagb-team__prefix\"><\/span><p class=\"uagb-team__desc\">Nascimento: <br>Congrega\u00e7\u00e3o: Claretino<br>Ordena\u00e7\u00e3o Diaconal: <br>Ordena\u00e7\u00e3o Sacerdotal: <\/p><ul class=\"uagb-team__social-list\"><\/ul><\/div><\/div>\n\n\n\n<div class=\"wp-block-uagb-team uagb-team__image-position-left uagb-team__align-center uagb-team__stack-tablet uagb-block-8b9b4d83\"><div class=\"uagb-team__content\"><h3 class=\"uagb-team__title\">Juan Carlos<\/h3><span class=\"uagb-team__prefix\"><\/span><p class=\"uagb-team__desc\">Nascimento: <br>Congrega\u00e7\u00e3o: Mercedarios<br>Ordena\u00e7\u00e3o Diaconal: <br>Ordena\u00e7\u00e3o Sacerdotal: <\/p><ul class=\"uagb-team__social-list\"><\/ul><\/div><\/div>\n\n\n\n<div class=\"wp-block-uagb-team uagb-team__image-position-left uagb-team__align-center uagb-team__stack-tablet uagb-block-c1658fe2\"><div class=\"uagb-team__content\"><h3 class=\"uagb-team__title\">Amaro Alexandre <\/h3><span class=\"uagb-team__prefix\"><\/span><p class=\"uagb-team__desc\">Nascimento: <br>Congrega\u00e7\u00e3o: Saletino<br>Ordena\u00e7\u00e3o Diaconal: <br>Ordena\u00e7\u00e3o Sacerdotal: <\/p><ul class=\"uagb-team__social-list\"><\/ul><\/div><\/div>\n\n\n\n<div class=\"wp-block-uagb-team uagb-team__image-position-left uagb-team__align-center uagb-team__stack-tablet uagb-block-a4742f2a\"><div class=\"uagb-team__content\"><h3 class=\"uagb-team__title\">Pedro Chingandu<\/h3><span class=\"uagb-team__prefix\"><\/span><p class=\"uagb-team__desc\">Nascimento: <br>Congrega\u00e7\u00e3o:<br>Ordena\u00e7\u00e3o Diaconal: <br>Ordena\u00e7\u00e3o Sacerdotal: <\/p><ul class=\"uagb-team__social-list\"><\/ul><\/div><\/div>\n\n\n\n<div class=\"wp-block-uagb-team uagb-team__image-position-left uagb-team__align-center uagb-team__stack-tablet uagb-block-35ce74df\"><div class=\"uagb-team__content\"><h3 class=\"uagb-team__title\">David Ibwidi<\/h3><span class=\"uagb-team__prefix\">P\u00e1roco<\/span><p class=\"uagb-team__desc\">Nascimento: <br>Congrega\u00e7\u00e3o: Oblato de Maria<br>Ordena\u00e7\u00e3o Diaconal: <br>Ordena\u00e7\u00e3o Sacerdotal: <\/p><ul class=\"uagb-team__social-list\"><\/ul><\/div><\/div>\n\n\n\n<div class=\"wp-block-uagb-team uagb-team__image-position-left uagb-team__align-center uagb-team__stack-tablet uagb-block-7e256298\"><div class=\"uagb-team__content\"><h3 class=\"uagb-team__title\">Silva Kitadica <\/h3><span class=\"uagb-team__prefix\">P\u00e1roco<\/span><p class=\"uagb-team__desc\">Nascimento: <br>Congrega\u00e7\u00e3o: OFM Cap<br>Ordena\u00e7\u00e3o Diaconal: <br>Ordena\u00e7\u00e3o Sacerdotal: <\/p><ul class=\"uagb-team__social-list\"><\/ul><\/div><\/div>\n\n\n\n<div class=\"wp-block-uagb-team uagb-team__image-position-left uagb-team__align-center uagb-team__stack-tablet uagb-block-4bc495f8\"><div class=\"uagb-team__content\"><h3 class=\"uagb-team__title\">Lucas Monteriro<\/h3><span class=\"uagb-team__prefix\">Vig\u00e1rio<\/span><p class=\"uagb-team__desc\">Nascimento: <br>Congrega\u00e7\u00e3o: OFM Cap<br>Ordena\u00e7\u00e3o Diaconal: <br>Ordena\u00e7\u00e3o Sacerdotal: <\/p><ul class=\"uagb-team__social-list\"><\/ul><\/div><\/div>\n\n\n\n<div class=\"wp-block-uagb-team uagb-team__image-position-left uagb-team__align-center uagb-team__stack-tablet uagb-block-4b886c4b\"><div class=\"uagb-team__content\"><h3 class=\"uagb-team__title\">Firmino Caculo<\/h3><span class=\"uagb-team__prefix\">Vig\u00e1rio<\/span><p class=\"uagb-team__desc\">Nascimento: <br>Congrega\u00e7\u00e3o: OFM Cap<br>Ordena\u00e7\u00e3o Diaconal: <br>Ordena\u00e7\u00e3o Sacerdotal: <\/p><ul class=\"uagb-team__social-list\"><\/ul><\/div><\/div>\n\n\n\n<div class=\"wp-block-uagb-team uagb-team__image-position-left uagb-team__align-center uagb-team__stack-tablet uagb-block-c511ca89\"><div class=\"uagb-team__content\"><h3 class=\"uagb-team__title\">Malengila Christian<\/h3><span class=\"uagb-team__prefix\">P\u00e1roco<\/span><p class=\"uagb-team__desc\">Nascimento: <br>Congrega\u00e7\u00e3o: Oblato de Maria<br>Ordena\u00e7\u00e3o Diaconal: <br>Ordena\u00e7\u00e3o Sacerdotal: <\/p><ul class=\"uagb-team__social-list\"><\/ul><\/div><\/div>\n\n\n\n<div class=\"wp-block-uagb-team uagb-team__image-position-left uagb-team__align-center uagb-team__stack-tablet uagb-block-b6051b58\"><div class=\"uagb-team__content\"><h3 class=\"uagb-team__title\">Claude Belenda <\/h3><span class=\"uagb-team__prefix\"><\/span><p class=\"uagb-team__desc\">Nascimento: <br>Congrega\u00e7\u00e3o: Oblato de Maria<br>Ordena\u00e7\u00e3o Diaconal: <br>Ordena\u00e7\u00e3o Sacerdotal: <\/p><ul class=\"uagb-team__social-list\"><\/ul><\/div><\/div>\n\n\n\n<div class=\"wp-block-uagb-team uagb-team__image-position-left uagb-team__align-center uagb-team__stack-tablet uagb-block-d21e0103\"><div class=\"uagb-team__content\"><h3 class=\"uagb-team__title\">kajingulo Auguste<\/h3><span class=\"uagb-team__prefix\"><\/span><p class=\"uagb-team__desc\">Nascimento: <br>Congrega\u00e7\u00e3o: Oblato de Maria<br>Ordena\u00e7\u00e3o Diaconal: <br>Ordena\u00e7\u00e3o Sacerdotal: <\/p><ul class=\"uagb-team__social-list\"><\/ul><\/div><\/div>\n\n\n\n<div class=\"wp-block-uagb-team uagb-team__image-position-left uagb-team__align-center uagb-team__stack-tablet uagb-block-aa9d81cf\"><div class=\"uagb-team__content\"><h3 class=\"uagb-team__title\">Hil\u00e1rio Ndumba<\/h3><span class=\"uagb-team__prefix\"><\/span><p class=\"uagb-team__desc\">Nascimento: <br>Congrega\u00e7\u00e3o: Pobre Servo<br>Ordena\u00e7\u00e3o Diaconal: <br>Ordena\u00e7\u00e3o Sacerdotal: <\/p><ul class=\"uagb-team__social-list\"><\/ul><\/div><\/div>\n\n\n\n<div class=\"wp-block-uagb-team uagb-team__image-position-left uagb-team__align-center uagb-team__stack-tablet uagb-block-5f4cbcf6\"><div class=\"uagb-team__content\"><h3 class=\"uagb-team__title\">Hil\u00e1rio Dias <\/h3><span class=\"uagb-team__prefix\"><\/span><p class=\"uagb-team__desc\">Nascimento: <br>Congrega\u00e7\u00e3o: Pobre Servo<br>Ordena\u00e7\u00e3o Diaconal: <br>Ordena\u00e7\u00e3o Sacerdotal: <\/p><ul class=\"uagb-team__social-list\"><\/ul><\/div><\/div>\n\n\n\n<div class=\"wp-block-uagb-team uagb-team__image-position-left uagb-team__align-center uagb-team__stack-tablet uagb-block-e63078ce\"><div class=\"uagb-team__content\"><h3 class=\"uagb-team__title\">Abreu Francisco<\/h3><span class=\"uagb-team__prefix\"><\/span><p class=\"uagb-team__desc\">Nascimento: <br>Congrega\u00e7\u00e3o: Pobre Servo<br>Ordena\u00e7\u00e3o Diaconal: <br>Ordena\u00e7\u00e3o Sacerdotal: <\/p><ul class=\"uagb-team__social-list\"><\/ul><\/div><\/div>\n\n\n\n<div class=\"wp-block-uagb-team uagb-team__image-position-left uagb-team__align-center uagb-team__stack-tablet uagb-block-a78eee8d\"><div class=\"uagb-team__content\"><h3 class=\"uagb-team__title\">Marmiliano Naufila<\/h3><span class=\"uagb-team__prefix\"><\/span><p class=\"uagb-team__desc\">Nascimento: <br>Congrega\u00e7\u00e3o: Dominicano<br>Ordena\u00e7\u00e3o Diaconal: <br>Ordena\u00e7\u00e3o Sacerdotal: <\/p><ul class=\"uagb-team__social-list\"><\/ul><\/div><\/div>\n\n\n\n<div class=\"wp-block-uagb-team uagb-team__image-position-left uagb-team__align-center uagb-team__stack-tablet uagb-block-6dbbd6cb\"><div class=\"uagb-team__content\"><h3 class=\"uagb-team__title\">Miguel Cachacama<\/h3><span class=\"uagb-team__prefix\"><\/span><p class=\"uagb-team__desc\">Nascimento: <br>Congrega\u00e7\u00e3o: Dominicano<br>Ordena\u00e7\u00e3o Diaconal: <br>Ordena\u00e7\u00e3o Sacerdotal: <\/p><ul class=\"uagb-team__social-list\"><\/ul><\/div><\/div>\n\n\n\n<div class=\"wp-block-uagb-team uagb-team__image-position-left uagb-team__align-center uagb-team__stack-tablet uagb-block-d2d0696c\"><div class=\"uagb-team__content\"><h3 class=\"uagb-team__title\">Agnelo Kiamy<\/h3><span class=\"uagb-team__prefix\"><\/span><p class=\"uagb-team__desc\">Nascimento: <br>Congrega\u00e7\u00e3o: OFM Cap<br>Ordena\u00e7\u00e3o Diaconal: <br>Ordena\u00e7\u00e3o Sacerdotal: <\/p><ul class=\"uagb-team__social-list\"><\/ul><\/div><\/div>\n\n\n\n<div class=\"wp-block-uagb-team uagb-team__image-position-left uagb-team__align-center uagb-team__stack-tablet uagb-block-b02b7617\"><div class=\"uagb-team__content\"><h3 class=\"uagb-team__title\">Ant\u00f3nio Joaquim Costa<\/h3><span class=\"uagb-team__prefix\"><\/span><p class=\"uagb-team__desc\">Nascimento: <br>Congrega\u00e7\u00e3o: OFM Cap<br>Ordena\u00e7\u00e3o Diaconal: <br>Ordena\u00e7\u00e3o Sacerdotal: <\/p><ul class=\"uagb-team__social-list\"><\/ul><\/div><\/div>\n\n\n\n<div class=\"wp-block-uagb-team uagb-team__image-position-left uagb-team__align-center uagb-team__stack-tablet uagb-block-9d92d9c0\"><div class=\"uagb-team__content\"><h3 class=\"uagb-team__title\">Maximiliano Ad\u00e3o<\/h3><span class=\"uagb-team__prefix\"><\/span><p class=\"uagb-team__desc\">Nascimento: <br>Congrega\u00e7\u00e3o: OFM Cap<br>Ordena\u00e7\u00e3o Diaconal: <br>Ordena\u00e7\u00e3o Sacerdotal: <\/p><ul class=\"uagb-team__social-list\"><\/ul><\/div><\/div>\n\n\n\n<div class=\"wp-block-uagb-team uagb-team__image-position-left uagb-team__align-center uagb-team__stack-tablet uagb-block-4b0e1dd0\"><div class=\"uagb-team__content\"><h3 class=\"uagb-team__title\">Alberto Jos\u00e9 <\/h3><span class=\"uagb-team__prefix\"><\/span><p class=\"uagb-team__desc\">Nascimento: <br>Congrega\u00e7\u00e3o: Salesiano de Dom Bosco<br>Ordena\u00e7\u00e3o Diaconal: <br>Ordena\u00e7\u00e3o Sacerdotal: <\/p><ul class=\"uagb-team__social-list\"><\/ul><\/div><\/div>\n\n\n\n<div class=\"wp-block-uagb-team uagb-team__image-position-left uagb-team__align-center uagb-team__stack-tablet uagb-block-86896e3e\"><div class=\"uagb-team__content\"><h3 class=\"uagb-team__title\">Rom\u00e3o Brito Mascarenhas<\/h3><span class=\"uagb-team__prefix\"><\/span><p class=\"uagb-team__desc\">Nascimento: <br>Congrega\u00e7\u00e3o: Salesiano de Dom Bosco<br>Ordena\u00e7\u00e3o Diaconal: <br>Ordena\u00e7\u00e3o Sacerdotal: <\/p><ul class=\"uagb-team__social-list\"><\/ul><\/div><\/div>\n\n\n\n<div class=\"wp-block-uagb-team uagb-team__image-position-left uagb-team__align-center uagb-team__stack-tablet uagb-block-b4c4a035\"><div class=\"uagb-team__content\"><h3 class=\"uagb-team__title\">Juan Hern\u00e1ndez<\/h3><span class=\"uagb-team__prefix\"><\/span><p class=\"uagb-team__desc\">Nascimento: <br>Congrega\u00e7\u00e3o: Salesiano de Dom Bosco<br>Ordena\u00e7\u00e3o Diaconal: <br>Ordena\u00e7\u00e3o Sacerdotal: <\/p><ul class=\"uagb-team__social-list\"><\/ul><\/div><\/div>\n\n\n\n<div class=\"wp-block-uagb-team uagb-team__image-position-left uagb-team__align-center uagb-team__stack-tablet uagb-block-0557007d\"><div class=\"uagb-team__content\"><h3 class=\"uagb-team__title\">Ant\u00f3nio Kusseta<\/h3><span class=\"uagb-team__prefix\"><\/span><p class=\"uagb-team__desc\">Nascimento: <br>Congrega\u00e7\u00e3o: Sociedade da Boa Nova<br>Ordena\u00e7\u00e3o Diaconal: <br>Ordena\u00e7\u00e3o Sacerdotal: <\/p><ul class=\"uagb-team__social-list\"><\/ul><\/div><\/div>\n\n\n\n<div class=\"wp-block-uagb-team uagb-team__image-position-left uagb-team__align-center uagb-team__stack-tablet uagb-block-81b4f09f\"><div class=\"uagb-team__content\"><h3 class=\"uagb-team__title\">An\u00edbal Morgado<\/h3><span class=\"uagb-team__prefix\"><\/span><p class=\"uagb-team__desc\">Nascimento: <br>Congrega\u00e7\u00e3o: Sociedade da Boa Nova<br>Ordena\u00e7\u00e3o Diaconal: <br>Ordena\u00e7\u00e3o Sacerdotal: <\/p><ul class=\"uagb-team__social-list\"><\/ul><\/div><\/div>\n\n\n\n<div class=\"wp-block-uagb-team uagb-team__image-position-left uagb-team__align-center uagb-team__stack-tablet uagb-block-e34ddb16\"><div class=\"uagb-team__content\"><h3 class=\"uagb-team__title\">Alfredo J\u00fanior<\/h3><span class=\"uagb-team__prefix\"><\/span><p class=\"uagb-team__desc\">Nascimento: <br>Congrega\u00e7\u00e3o: Sociedade da Boa Nova<br>Ordena\u00e7\u00e3o Diaconal: <br>Ordena\u00e7\u00e3o Sacerdotal: <\/p><ul class=\"uagb-team__social-list\"><\/ul><\/div><\/div>\n\n\n\n<div class=\"wp-block-uagb-team uagb-team__image-position-left uagb-team__align-center uagb-team__stack-tablet uagb-block-7ce79f99\"><div class=\"uagb-team__content\"><h3 class=\"uagb-team__title\">Manuel Roman<\/h3><span class=\"uagb-team__prefix\"><\/span><p class=\"uagb-team__desc\">Nascimento: <br>Congrega\u00e7\u00e3o: Salesiano de Dom Bosco<br>Ordena\u00e7\u00e3o Diaconal: <br>Ordena\u00e7\u00e3o Sacerdotal: <\/p><ul class=\"uagb-team__social-list\"><\/ul><\/div><\/div>\n\n\n\n<div class=\"wp-block-uagb-team uagb-team__image-position-left uagb-team__align-center uagb-team__stack-tablet uagb-block-64f614bd\"><div class=\"uagb-team__content\"><h3 class=\"uagb-team__title\">Nelson Hebo<\/h3><span class=\"uagb-team__prefix\"><\/span><p class=\"uagb-team__desc\">Nascimento: <br>Congrega\u00e7\u00e3o: Sociedade do Verbo Divino<br>Ordena\u00e7\u00e3o Diaconal: <br>Ordena\u00e7\u00e3o Sacerdotal: <\/p><ul class=\"uagb-team__social-list\"><\/ul><\/div><\/div>\n","protected":false},"excerpt":{"rendered":"","protected":false},"author":1,"featured_media":0,"parent":0,"menu_order":0,"comment_status":"closed","ping_status":"closed","template":"","meta":{"_eb_attr":"","_crdt_document":"","_uag_custom_page_level_css":"","_monsterinsights_skip_tracking":false,"_monsterinsights_sitenote_active":false,"_monsterinsights_sitenote_note":"","_monsterinsights_sitenote_category":0,"footnotes":""},"class_list":["post-636","page","type-page","status-publish","hentry"],"uagb_featured_image_src":{"full":false,"thumbnail":false,"medium":false,"medium_large":false,"large":false,"1536x1536":false,"2048x2048":false},"uagb_author_info":{"display_name":"Geovanigabriel2","author_link":"https:\/\/arquidiocesedeluanda.ao\/noticia\/author\/geovanigabriel2\/"},"uagb_comment_info":0,"uagb_excerpt":null,"_links":{"self":[{"href":"https:\/\/arquidiocesedeluanda.ao\/noticia\/wp-json\/wp\/v2\/pages\/636","targetHints":{"allow":["GET"]}}],"collection":[{"href":"https:\/\/arquidiocesedeluanda.ao\/noticia\/wp-json\/wp\/v2\/pages"}],"about":[{"href":"https:\/\/arquidiocesedeluanda.ao\/noticia\/wp-json\/wp\/v2\/types\/page"}],"author":[{"embeddable":true,"href":"https:\/\/arquidiocesedeluanda.ao\/noticia\/wp-json\/wp\/v2\/users\/1"}],"replies":[{"embeddable":true,"href":"https:\/\/arquidiocesedeluanda.ao\/noticia\/wp-json\/wp\/v2\/comments?post=636"}],"version-history":[{"count":8,"href":"https:\/\/arquidiocesedeluanda.ao\/noticia\/wp-json\/wp\/v2\/pages\/636\/revisions"}],"predecessor-version":[{"id":649,"href":"https:\/\/arquidiocesedeluanda.ao\/noticia\/wp-json\/wp\/v2\/pages\/636\/revisions\/649"}],"wp:attachment":[{"href":"https:\/\/arquidiocesedeluanda.ao\/noticia\/wp-json\/wp\/v2\/media?parent=636"}],"curies":[{"name":"wp","href":"https:\/\/api.w.org\/{rel}","templated":true}]}}