{"id":654,"date":"2025-12-14T11:47:01","date_gmt":"2025-12-14T11:47:01","guid":{"rendered":"https:\/\/arquidiocesedeluanda.ao\/noticia\/?page_id=654"},"modified":"2025-12-14T11:47:25","modified_gmt":"2025-12-14T11:47:25","slug":"fidei-donum","status":"publish","type":"page","link":"https:\/\/arquidiocesedeluanda.ao\/noticia\/fidei-donum\/","title":{"rendered":"Fidei Donum"},"content":{"rendered":"\n<div class=\"wp-block-uagb-team uagb-team__image-position-left uagb-team__align-center uagb-team__stack-tablet uagb-block-50c7c918\"><div class=\"uagb-team__content\"><h3 class=\"uagb-team__title\">Apolin\u00e1rio Hilemusinda<\/h3><span class=\"uagb-team__prefix\"><\/span><p class=\"uagb-team__desc\">Nascimento: <br>Congrega\u00e7\u00e3o: <br>Ordena\u00e7\u00e3o Diaconal: <br>Ordena\u00e7\u00e3o Sacerdotal: <\/p><ul class=\"uagb-team__social-list\"><\/ul><\/div><\/div>\n\n\n\n<div class=\"wp-block-uagb-team uagb-team__image-position-left uagb-team__align-center uagb-team__stack-tablet uagb-block-6a7d7c22\"><div class=\"uagb-team__content\"><h3 class=\"uagb-team__title\">Narciso Shitaleno<\/h3><span class=\"uagb-team__prefix\"><\/span><p class=\"uagb-team__desc\">Nascimento: <br>Congrega\u00e7\u00e3o: <br>Ordena\u00e7\u00e3o Diaconal: <br>Ordena\u00e7\u00e3o Sacerdotal: <\/p><ul class=\"uagb-team__social-list\"><\/ul><\/div><\/div>\n\n\n\n<div class=\"wp-block-uagb-team uagb-team__image-position-left uagb-team__align-center uagb-team__stack-tablet uagb-block-c38be5c6\"><div class=\"uagb-team__content\"><h3 class=\"uagb-team__title\">Herman Sumbo<\/h3><span class=\"uagb-team__prefix\"><\/span><p class=\"uagb-team__desc\">Nascimento: <br>Congrega\u00e7\u00e3o: <br>Ordena\u00e7\u00e3o Diaconal: <br>Ordena\u00e7\u00e3o Sacerdotal: <\/p><ul class=\"uagb-team__social-list\"><\/ul><\/div><\/div>\n\n\n\n<div class=\"wp-block-uagb-team uagb-team__image-position-left uagb-team__align-center uagb-team__stack-tablet uagb-block-9c3ad1c2\"><div class=\"uagb-team__content\"><h3 class=\"uagb-team__title\">Bastos Luciano<\/h3><span class=\"uagb-team__prefix\"><\/span><p class=\"uagb-team__desc\">Nascimento: <br>Congrega\u00e7\u00e3o: <br>Ordena\u00e7\u00e3o Diaconal: <br>Ordena\u00e7\u00e3o Sacerdotal: <\/p><ul class=\"uagb-team__social-list\"><\/ul><\/div><\/div>\n\n\n\n<div class=\"wp-block-uagb-team uagb-team__image-position-left uagb-team__align-center uagb-team__stack-tablet uagb-block-b5ed73ce\"><div class=\"uagb-team__content\"><h3 class=\"uagb-team__title\">Domingos Renaldo<\/h3><span class=\"uagb-team__prefix\"><\/span><p class=\"uagb-team__desc\">Nascimento: <br>Congrega\u00e7\u00e3o: <br>Ordena\u00e7\u00e3o Diaconal: <br>Ordena\u00e7\u00e3o Sacerdotal: <\/p><ul class=\"uagb-team__social-list\"><\/ul><\/div><\/div>\n\n\n\n<div class=\"wp-block-uagb-team uagb-team__image-position-left uagb-team__align-center uagb-team__stack-tablet uagb-block-acc53328\"><div class=\"uagb-team__content\"><h3 class=\"uagb-team__title\">Ces\u00e1rio Bambi Francisco<\/h3><span class=\"uagb-team__prefix\"><\/span><p class=\"uagb-team__desc\">Nascimento: <br>Congrega\u00e7\u00e3o: <br>Ordena\u00e7\u00e3o Diaconal: <br>Ordena\u00e7\u00e3o Sacerdotal: <\/p><ul class=\"uagb-team__social-list\"><\/ul><\/div><\/div>\n\n\n\n<div class=\"wp-block-uagb-team uagb-team__image-position-left uagb-team__align-center uagb-team__stack-tablet uagb-block-be3ea0b0\"><div class=\"uagb-team__content\"><h3 class=\"uagb-team__title\">Dario Sofulano<\/h3><span class=\"uagb-team__prefix\"><\/span><p class=\"uagb-team__desc\">Nascimento: <br>Congrega\u00e7\u00e3o: <br>Ordena\u00e7\u00e3o Diaconal: <br>Ordena\u00e7\u00e3o Sacerdotal: <\/p><ul class=\"uagb-team__social-list\"><\/ul><\/div><\/div>\n\n\n\n<div class=\"wp-block-uagb-team uagb-team__image-position-left uagb-team__align-center uagb-team__stack-tablet uagb-block-1bd3768c\"><div class=\"uagb-team__content\"><h3 class=\"uagb-team__title\">Diniz Bezerra<\/h3><span class=\"uagb-team__prefix\"><\/span><p class=\"uagb-team__desc\">Nascimento: <br>Congrega\u00e7\u00e3o: <br>Ordena\u00e7\u00e3o Diaconal: <br>Ordena\u00e7\u00e3o Sacerdotal: <\/p><ul class=\"uagb-team__social-list\"><\/ul><\/div><\/div>\n\n\n\n<div class=\"wp-block-uagb-team uagb-team__image-position-left uagb-team__align-center uagb-team__stack-tablet uagb-block-19f96f26\"><div class=\"uagb-team__content\"><h3 class=\"uagb-team__title\">Francisco Ntanda<\/h3><span class=\"uagb-team__prefix\"><\/span><p class=\"uagb-team__desc\">Nascimento: <br>Congrega\u00e7\u00e3o: <br>Ordena\u00e7\u00e3o Diaconal: <br>Ordena\u00e7\u00e3o Sacerdotal: <\/p><ul class=\"uagb-team__social-list\"><\/ul><\/div><\/div>\n\n\n\n<div class=\"wp-block-uagb-team uagb-team__image-position-left uagb-team__align-center uagb-team__stack-tablet uagb-block-6bd7cea7\"><div class=\"uagb-team__content\"><h3 class=\"uagb-team__title\">Alcides Lumbo<\/h3><span class=\"uagb-team__prefix\"><\/span><p class=\"uagb-team__desc\">Nascimento: <br>Congrega\u00e7\u00e3o: <br>Ordena\u00e7\u00e3o Diaconal: <br>Ordena\u00e7\u00e3o Sacerdotal: <\/p><ul class=\"uagb-team__social-list\"><\/ul><\/div><\/div>\n\n\n\n<div class=\"wp-block-uagb-team uagb-team__image-position-left uagb-team__align-center uagb-team__stack-tablet uagb-block-ddad263d\"><div class=\"uagb-team__content\"><h3 class=\"uagb-team__title\">Afonso Lig\u00f3rio<\/h3><span class=\"uagb-team__prefix\"><\/span><p class=\"uagb-team__desc\">Nascimento: <br>Congrega\u00e7\u00e3o: <br>Ordena\u00e7\u00e3o Diaconal: <br>Ordena\u00e7\u00e3o Sacerdotal: <\/p><ul class=\"uagb-team__social-list\"><\/ul><\/div><\/div>\n\n\n\n<div class=\"wp-block-uagb-team uagb-team__image-position-left uagb-team__align-center uagb-team__stack-tablet uagb-block-adb18c49\"><div class=\"uagb-team__content\"><h3 class=\"uagb-team__title\">Gaud\u00eancio F\u00e9lix<\/h3><span class=\"uagb-team__prefix\"><\/span><p class=\"uagb-team__desc\">Nascimento: <br>Congrega\u00e7\u00e3o: <br>Ordena\u00e7\u00e3o Diaconal: <br>Ordena\u00e7\u00e3o Sacerdotal: <\/p><ul class=\"uagb-team__social-list\"><\/ul><\/div><\/div>\n\n\n\n<div class=\"wp-block-uagb-team uagb-team__image-position-left uagb-team__align-center uagb-team__stack-tablet uagb-block-b4a66230\"><div class=\"uagb-team__content\"><h3 class=\"uagb-team__title\">Eurico Bacelar<\/h3><span class=\"uagb-team__prefix\"><\/span><p class=\"uagb-team__desc\">Nascimento: <br>Congrega\u00e7\u00e3o: <br>Ordena\u00e7\u00e3o Diaconal: <br>Ordena\u00e7\u00e3o Sacerdotal: <\/p><ul class=\"uagb-team__social-list\"><\/ul><\/div><\/div>\n\n\n\n<div class=\"wp-block-uagb-team uagb-team__image-position-left uagb-team__align-center uagb-team__stack-tablet uagb-block-6a5f7229\"><div class=\"uagb-team__content\"><h3 class=\"uagb-team__title\">Eduardo Alexandre<\/h3><span class=\"uagb-team__prefix\"><\/span><p class=\"uagb-team__desc\">Nascimento: <br>Congrega\u00e7\u00e3o: <br>Ordena\u00e7\u00e3o Diaconal: <br>Ordena\u00e7\u00e3o Sacerdotal: <\/p><ul class=\"uagb-team__social-list\"><\/ul><\/div><\/div>\n\n\n\n<div class=\"wp-block-uagb-team uagb-team__image-position-left uagb-team__align-center uagb-team__stack-tablet uagb-block-4734ddd6\"><div class=\"uagb-team__content\"><h3 class=\"uagb-team__title\">Cesario Bambi<\/h3><span class=\"uagb-team__prefix\"><\/span><p class=\"uagb-team__desc\">Nascimento: <br>Congrega\u00e7\u00e3o: <br>Ordena\u00e7\u00e3o Diaconal: <br>Ordena\u00e7\u00e3o Sacerdotal: <\/p><ul class=\"uagb-team__social-list\"><\/ul><\/div><\/div>\n\n\n\n<div class=\"wp-block-uagb-team uagb-team__image-position-left uagb-team__align-center uagb-team__stack-tablet uagb-block-b50ebf2e\"><div class=\"uagb-team__content\"><h3 class=\"uagb-team__title\">Jos\u00e9 Joaquim Esteves<\/h3><span class=\"uagb-team__prefix\"><\/span><p class=\"uagb-team__desc\">Nascimento: <br>Congrega\u00e7\u00e3o: <br>Ordena\u00e7\u00e3o Diaconal: <br>Ordena\u00e7\u00e3o Sacerdotal: <\/p><ul class=\"uagb-team__social-list\"><\/ul><\/div><\/div>\n\n\n\n<div class=\"wp-block-uagb-team uagb-team__image-position-left uagb-team__align-center uagb-team__stack-tablet uagb-block-0f44dfbc\"><div class=\"uagb-team__content\"><h3 class=\"uagb-team__title\">Mbra Yao Vicent<\/h3><span class=\"uagb-team__prefix\"><\/span><p class=\"uagb-team__desc\">Nascimento: <br>Congrega\u00e7\u00e3o: <br>Ordena\u00e7\u00e3o Diaconal: <br>Ordena\u00e7\u00e3o Sacerdotal: <\/p><ul class=\"uagb-team__social-list\"><\/ul><\/div><\/div>\n\n\n\n<div class=\"wp-block-uagb-team uagb-team__image-position-left uagb-team__align-center uagb-team__stack-tablet uagb-block-6938c2f2\"><div class=\"uagb-team__content\"><h3 class=\"uagb-team__title\">Domingos Reinaldo Bento<\/h3><span class=\"uagb-team__prefix\"><\/span><p class=\"uagb-team__desc\">Nascimento: <br>Congrega\u00e7\u00e3o: <br>Ordena\u00e7\u00e3o Diaconal: <br>Ordena\u00e7\u00e3o Sacerdotal: <\/p><ul class=\"uagb-team__social-list\"><\/ul><\/div><\/div>\n\n\n\n<div class=\"wp-block-uagb-team uagb-team__image-position-left uagb-team__align-center uagb-team__stack-tablet uagb-block-9aef1136\"><div class=\"uagb-team__content\"><h3 class=\"uagb-team__title\">Tom\u00e1s Maimba<\/h3><span class=\"uagb-team__prefix\"><\/span><p class=\"uagb-team__desc\">Nascimento: <br>Congrega\u00e7\u00e3o: <br>Ordena\u00e7\u00e3o Diaconal: <br>Ordena\u00e7\u00e3o Sacerdotal: <\/p><ul class=\"uagb-team__social-list\"><\/ul><\/div><\/div>\n\n\n\n<div class=\"wp-block-uagb-team uagb-team__image-position-left uagb-team__align-center uagb-team__stack-tablet uagb-block-178164ab\"><div class=\"uagb-team__content\"><h3 class=\"uagb-team__title\">Ezequiel Farias<\/h3><span class=\"uagb-team__prefix\"><\/span><p class=\"uagb-team__desc\">Nascimento: <br>Congrega\u00e7\u00e3o: <br>Ordena\u00e7\u00e3o Diaconal: <br>Ordena\u00e7\u00e3o Sacerdotal: <\/p><ul class=\"uagb-team__social-list\"><\/ul><\/div><\/div>\n\n\n\n<div class=\"wp-block-uagb-team uagb-team__image-position-left uagb-team__align-center uagb-team__stack-tablet uagb-block-e9606b67\"><div class=\"uagb-team__content\"><h3 class=\"uagb-team__title\">Ant\u00f3nio Barbosa Rodrigues<\/h3><span class=\"uagb-team__prefix\"><\/span><p class=\"uagb-team__desc\">Nascimento: <br>Congrega\u00e7\u00e3o: <br>Ordena\u00e7\u00e3o Diaconal: <br>Ordena\u00e7\u00e3o Sacerdotal: <\/p><ul class=\"uagb-team__social-list\"><\/ul><\/div><\/div>\n\n\n\n<div class=\"wp-block-uagb-team uagb-team__image-position-left uagb-team__align-center uagb-team__stack-tablet uagb-block-ea719284\"><div class=\"uagb-team__content\"><h3 class=\"uagb-team__title\">Juan Riquelme<\/h3><span class=\"uagb-team__prefix\"><\/span><p class=\"uagb-team__desc\">Nascimento: <br>Congrega\u00e7\u00e3o: <br>Ordena\u00e7\u00e3o Diaconal: <br>Ordena\u00e7\u00e3o Sacerdotal: <\/p><ul class=\"uagb-team__social-list\"><\/ul><\/div><\/div>\n","protected":false},"excerpt":{"rendered":"","protected":false},"author":1,"featured_media":0,"parent":0,"menu_order":0,"comment_status":"closed","ping_status":"closed","template":"","meta":{"_eb_attr":"","_crdt_document":"","_uag_custom_page_level_css":"","_monsterinsights_skip_tracking":false,"_monsterinsights_sitenote_active":false,"_monsterinsights_sitenote_note":"","_monsterinsights_sitenote_category":0,"footnotes":""},"class_list":["post-654","page","type-page","status-publish","hentry"],"uagb_featured_image_src":{"full":false,"thumbnail":false,"medium":false,"medium_large":false,"large":false,"1536x1536":false,"2048x2048":false},"uagb_author_info":{"display_name":"Geovanigabriel2","author_link":"https:\/\/arquidiocesedeluanda.ao\/noticia\/author\/geovanigabriel2\/"},"uagb_comment_info":0,"uagb_excerpt":null,"_links":{"self":[{"href":"https:\/\/arquidiocesedeluanda.ao\/noticia\/wp-json\/wp\/v2\/pages\/654","targetHints":{"allow":["GET"]}}],"collection":[{"href":"https:\/\/arquidiocesedeluanda.ao\/noticia\/wp-json\/wp\/v2\/pages"}],"about":[{"href":"https:\/\/arquidiocesedeluanda.ao\/noticia\/wp-json\/wp\/v2\/types\/page"}],"author":[{"embeddable":true,"href":"https:\/\/arquidiocesedeluanda.ao\/noticia\/wp-json\/wp\/v2\/users\/1"}],"replies":[{"embeddable":true,"href":"https:\/\/arquidiocesedeluanda.ao\/noticia\/wp-json\/wp\/v2\/comments?post=654"}],"version-history":[{"count":2,"href":"https:\/\/arquidiocesedeluanda.ao\/noticia\/wp-json\/wp\/v2\/pages\/654\/revisions"}],"predecessor-version":[{"id":656,"href":"https:\/\/arquidiocesedeluanda.ao\/noticia\/wp-json\/wp\/v2\/pages\/654\/revisions\/656"}],"wp:attachment":[{"href":"https:\/\/arquidiocesedeluanda.ao\/noticia\/wp-json\/wp\/v2\/media?parent=654"}],"curies":[{"name":"wp","href":"https:\/\/api.w.org\/{rel}","templated":true}]}}