{"id":782,"date":"2026-01-03T17:46:36","date_gmt":"2026-01-03T17:46:36","guid":{"rendered":"https:\/\/arquidiocesedeluanda.ao\/noticia\/?page_id=782"},"modified":"2026-01-04T11:55:50","modified_gmt":"2026-01-04T11:55:50","slug":"liturgia-diaria","status":"publish","type":"page","link":"https:\/\/arquidiocesedeluanda.ao\/noticia\/liturgia-diaria\/","title":{"rendered":"Liturgia Di\u00e1ria"},"content":{"rendered":"\n<div class=\"wp-block-uagb-container uagb-block-4f595c54 alignfull uagb-is-root-container\"><div class=\"uagb-container-inner-blocks-wrap\"><style>.daily-readings-wrapper h4.daily-readings-reading-heading {color: ;}<\/style><script> \n                        let DR_CONFIGS = {\n                            \"rite\": \"PT\",\n                            \"timeZone\": \"default\",\n                            \"targetDate\": \"20260409\",\n                            \"firstLecture\": \"First Reading\",\n                            \"psalm\": \"Psalm\",\n                            \"secondLecture\": \"Second Reading\",\n                            \"gospel\": \"Gospel\",\n                            \"noReadings\": \"No readings available\",\"hideFirstLecture\": false,\"hidePsalm\": false,\"hideSecondLecture\": false,\"hideGospel\": false}<\/script><div class=\"daily-readings-wrapper\"><br>\n                        <p class=\"daily-readings-datepicker\">\n                            <span>Select date<\/span>\n                            <input type=\"hidden\" id=\"datepicker\">\n                        <\/p><div id=\"direction-wrapper\" dir=\"ltr\" ><h3 class=\"daily-readings-date\">Quinta-feira da Oitava da P\u00e1scoa<\/h3><div id=\"epistleReading\" class=\"reading-wrapper\"><\/div><div id=\"firstReading\" class=\"reading-wrapper\"><h4 class=\"daily-readings-reading-heading\">Livro dos Atos dos Ap\u00f3stolos <font dir=\"ltr\">3,11-26.<\/font><\/h4><div class=\"daily-readings-reading\">Naqueles dias, o coxo de nascen\u00e7a que tinha sido curado n\u00e3o largava Pedro e Jo\u00e3o, e todo o povo, cheio de assombro, acorreu para junto deles, ao p\u00f3rtico de Salom\u00e3o.<br \/>\nAo ver isto, Pedro falou ao povo, dizendo: \u00abHomens de Israel, porque vos admirais com isto? Porque fitais os olhos em n\u00f3s, como se fosse pelo nosso pr\u00f3prio poder ou piedade que fizemos andar este homem?<br \/>\nO Deus de Abra\u00e3o, de Isaac e de Jacob, o Deus de nossos pais, glorificou o seu Servo Jesus, que v\u00f3s entregastes e negastes na presen\u00e7a de Pilatos, estando ele resolvido a solt\u00e1-lo.<br \/>\nNegastes o Santo e o Justo e pedistes a liberta\u00e7\u00e3o dum assassino;<br \/>\nmatastes o autor da vida, mas Deus ressuscitou-O dos mortos, e n\u00f3s somos testemunhas disso.<br \/>\nFoi pela f\u00e9 no seu nome que este homem que vedes e conheceis recuperou as for\u00e7as; foi a f\u00e9 que vem de Jesus que o curou completamente, na presen\u00e7a de todos v\u00f3s.<br \/>\nAgora, irm\u00e3os, eu sei que agistes por ignor\u00e2ncia, como tamb\u00e9m os vossos chefes.<br \/>\nFoi assim que Deus cumpriu o que de antem\u00e3o tinha anunciado pela boca de todos os profetas: que o seu Messias havia de padecer.<br \/>\nPortanto, arrependei-vos e convertei-vos, para que os vossos pecados sejam perdoados\u00bb.<br \/>\nAssim o Senhor far\u00e1 que venham os tempos de conforto e vos enviar\u00e1 o Messias Jesus, que de antem\u00e3o vos foi destinado.<br \/>\nEle ter\u00e1 de ficar no C\u00e9u at\u00e9 \u00e0 restaura\u00e7\u00e3o universal, que Deus anunciou, desde os tempos antigos, pela boca dos seus santos profetas.<br \/>\nMois\u00e9s disse: &quot;O Senhor Deus far\u00e1 que se levante para v\u00f3s, do meio dos vossos irm\u00e3os, um profeta como eu. Escut\u00e1-lo-eis em tudo quanto vos disser.<br \/>\nQuem n\u00e3o escutar esse profeta ser\u00e1 exterminado do meio do povo&quot;.<br \/>\nE todos os profetas que falaram, desde Samuel e seus sucessores, anunciaram tamb\u00e9m estes dias.<br \/>\nV\u00f3s sois os filhos dos profetas e da alian\u00e7a que Deus firmou com vossos pais, quando disse a Abra\u00e3o: &quot;Na tua descend\u00eancia ser\u00e3o aben\u00e7oadas todas as fam\u00edlias da Terra&quot;.<br \/>\nFoi para v\u00f3s, em primeiro lugar, que Deus fez aparecer o seu Servo e O enviou para vos aben\u00e7oar, afastando cada um de v\u00f3s das suas iniquidades\u00bb.\n<br \/><br \/>\n<\/div><\/div><div id=\"psalmReading\" class=\"reading-wrapper\"><h4 class=\"daily-readings-reading-heading\">Livro dos Salmos <font dir=\"ltr\">8,2a.5.6-7.8-9.<\/font><\/h4><div class=\"daily-readings-reading\">Senhor, nosso Deus, <br \/>\r\ncomo \u00e9 admir\u00e1vel o vosso nome em toda a Terra!<br \/>\nque \u00e9 o homem para que Vos lembreis dele, <br \/>\r\no filho do homem para dele Vos ocupardes?<br \/>\n<br \/>\nFizestes dele quase um ser divino, <br \/>\r\nde honra e gl\u00f3ria o coroastes;<br \/>\ndestes-lhe poder sobre a obra das vossas m\u00e3os, <br \/>\r\ntudo submetestes a seus p\u00e9s.<br \/>\n<br \/>\nOvelhas e bois, todos os rebanhos, <br \/>\r\ne at\u00e9 os animais selvagens,<br \/>\nas aves do c\u00e9u e os peixes do mar, <br \/>\r\ntudo o que se move nos oceanos.\n<br \/><br \/>\n<\/div><\/div><div id=\"secondReading\" class=\"reading-wrapper\"><\/div><div id=\"gospelReading\" class=\"reading-wrapper\"><h4 class=\"daily-readings-reading-heading\">Evangelho segundo S\u00e3o Lucas <font dir=\"ltr\">24,35-48.<\/font><\/h4><div class=\"daily-readings-reading\">Naquele tempo, os disc\u00edpulos de Ema\u00fas contaram o que tinha acontecido no caminho e como tinham reconhecido Jesus ao partir do p\u00e3o.<br \/>\nEnquanto diziam isto, Jesus apresentou-Se no meio deles e disse-lhes: \u00abA paz esteja convosco\u00bb.<br \/>\nEspantados e cheios de medo, julgavam ver um esp\u00edrito.<br \/>\nDisse-lhes Jesus: \u00abPorque estais perturbados e porque se levantam esses pensamentos nos vossos cora\u00e7\u00f5es?<br \/>\nVede as minhas m\u00e3os e os meus p\u00e9s: sou Eu mesmo; tocai-Me e vede: um esp\u00edrito n\u00e3o tem carne nem ossos, como vedes que Eu tenho\u00bb.<br \/>\nDito isto, mostrou-lhes as m\u00e3os e os p\u00e9s.<br \/>\nE como eles, na sua alegria e admira\u00e7\u00e3o, n\u00e3o queriam ainda acreditar, perguntou-lhes: \u00abTendes a\u00ed alguma coisa para comer?\u00bb.<br \/>\nDeram-Lhe uma posta de peixe assado,<br \/>\nque Ele tomou e come\u00e7ou a comer diante deles.<br \/>\nDepois disse-lhes: \u00abForam estas as palavras que vos dirigi, quando ainda estava convosco: &quot;Tem de se cumprir tudo o que est\u00e1 escrito a meu respeito na Lei de Mois\u00e9s, nos profetas e nos salmos&quot;\u00bb.<br \/>\nAbriu-lhes ent\u00e3o o entendimento para compreenderem as Escrituras<br \/>\ne disse-lhes: \u00abAssim est\u00e1 escrito que o Messias havia de sofrer e de ressuscitar dos mortos ao terceiro dia,<br \/>\ne que havia de ser pregado em seu nome o arrependimento e o perd\u00e3o dos pecados a todas as na\u00e7\u00f5es, come\u00e7ando por Jerusal\u00e9m.<br \/>\nV\u00f3s sois testemunhas disso.\n<br \/><br \/>\n<br \/>Tradu\u00e7\u00e3o lit\u00fargica da B\u00edblia\n<br \/>Para receber todas as manh\u00e3 o Evangelho por correio electr\u00f3nico, inscreva-se: <a href=\"https:\/\/evangelhoquotidiano.org\/PT\/gospel\">evangelhoquotidiano.org<\/a><\/div><\/div><\/div><\/div>\n<\/div><\/div>\n\n\n\n<p class=\"wp-block-paragraph\"><\/p>\n","protected":false},"excerpt":{"rendered":"","protected":false},"author":1,"featured_media":0,"parent":0,"menu_order":0,"comment_status":"closed","ping_status":"closed","template":"","meta":{"_eb_attr":"","_crdt_document":"","_uag_custom_page_level_css":"","_monsterinsights_skip_tracking":false,"_monsterinsights_sitenote_active":false,"_monsterinsights_sitenote_note":"","_monsterinsights_sitenote_category":0,"footnotes":""},"class_list":["post-782","page","type-page","status-publish","hentry"],"uagb_featured_image_src":{"full":false,"thumbnail":false,"medium":false,"medium_large":false,"large":false,"1536x1536":false,"2048x2048":false},"uagb_author_info":{"display_name":"Geovanigabriel2","author_link":"https:\/\/arquidiocesedeluanda.ao\/noticia\/author\/geovanigabriel2\/"},"uagb_comment_info":0,"uagb_excerpt":null,"_links":{"self":[{"href":"https:\/\/arquidiocesedeluanda.ao\/noticia\/wp-json\/wp\/v2\/pages\/782","targetHints":{"allow":["GET"]}}],"collection":[{"href":"https:\/\/arquidiocesedeluanda.ao\/noticia\/wp-json\/wp\/v2\/pages"}],"about":[{"href":"https:\/\/arquidiocesedeluanda.ao\/noticia\/wp-json\/wp\/v2\/types\/page"}],"author":[{"embeddable":true,"href":"https:\/\/arquidiocesedeluanda.ao\/noticia\/wp-json\/wp\/v2\/users\/1"}],"replies":[{"embeddable":true,"href":"https:\/\/arquidiocesedeluanda.ao\/noticia\/wp-json\/wp\/v2\/comments?post=782"}],"version-history":[{"count":4,"href":"https:\/\/arquidiocesedeluanda.ao\/noticia\/wp-json\/wp\/v2\/pages\/782\/revisions"}],"predecessor-version":[{"id":788,"href":"https:\/\/arquidiocesedeluanda.ao\/noticia\/wp-json\/wp\/v2\/pages\/782\/revisions\/788"}],"wp:attachment":[{"href":"https:\/\/arquidiocesedeluanda.ao\/noticia\/wp-json\/wp\/v2\/media?parent=782"}],"curies":[{"name":"wp","href":"https:\/\/api.w.org\/{rel}","templated":true}]}}